{"id":271661,"date":"2025-12-14T21:28:52","date_gmt":"2025-12-15T00:28:52","guid":{"rendered":"https:\/\/ninja.encktemp.com.br\/speedbrindes\/product\/mochila-couro-sintetico-usb-26l\/"},"modified":"2026-04-14T10:04:29","modified_gmt":"2026-04-14T13:04:29","slug":"mochila-couro-sintetico-usb-26l","status":"publish","type":"product","link":"https:\/\/ninja.encktemp.com.br\/speedbrindes\/product\/mochila-couro-sintetico-usb-26l\/","title":{"rendered":"MOCHILA COURO SINT\u00c9TICO USB 26L"},"content":{"rendered":"","protected":false},"excerpt":{"rendered":"<p>Nossa mochila de 26 litros combina funcionalidade e conforto! Feita em couro sint\u00e9tico resistente \u00e0 \u00e1gua e com design inteligente, \u00e9 perfeita para impressionar no mundo corporativo.\u00a0 Conta com quatro compartimentos estrat\u00e9gicos: um frontal, outro com bolsos e divis\u00f3rias para documentos e canetas, um compartimento antifurto para proteger os itens mais valiosos e um principal, com espa\u00e7o para notebooks de at\u00e9 15,6 e entrada para cabo USB.<\/p>\n<p><strong>Altura:<\/strong> 40 cm<br \/>\n<strong>Largura:<\/strong> 26 cm<br \/>\n<strong>Comprimento:<\/strong> 13 cm<br \/>\n<strong>Peso aproximado (g):<\/strong> 946<\/p>\n","protected":false},"featured_media":294841,"comment_status":"open","ping_status":"closed","template":"","meta":[],"product_brand":[2878],"product_cat":[764,1203,1208,2897],"product_tag":[],"class_list":{"0":"post-271661","1":"product","2":"type-product","3":"status-publish","4":"has-post-thumbnail","6":"product_brand-xbz","7":"product_cat-mochilas-malas-e-necessaires","8":"product_cat-mochilas-malas-pastas","9":"product_cat-mochilas-mochilas-malas-pastas","10":"product_cat-mochilas-e-bolsas","12":"first","13":"instock","14":"shipping-taxable","15":"purchasable","16":"product-type-variable"},"_links":{"self":[{"href":"https:\/\/ninja.encktemp.com.br\/speedbrindes\/wp-json\/wp\/v2\/product\/271661","targetHints":{"allow":["GET"]}}],"collection":[{"href":"https:\/\/ninja.encktemp.com.br\/speedbrindes\/wp-json\/wp\/v2\/product"}],"about":[{"href":"https:\/\/ninja.encktemp.com.br\/speedbrindes\/wp-json\/wp\/v2\/types\/product"}],"replies":[{"embeddable":true,"href":"https:\/\/ninja.encktemp.com.br\/speedbrindes\/wp-json\/wp\/v2\/comments?post=271661"}],"wp:featuredmedia":[{"embeddable":true,"href":"https:\/\/ninja.encktemp.com.br\/speedbrindes\/wp-json\/wp\/v2\/media\/294841"}],"wp:attachment":[{"href":"https:\/\/ninja.encktemp.com.br\/speedbrindes\/wp-json\/wp\/v2\/media?parent=271661"}],"wp:term":[{"taxonomy":"product_brand","embeddable":true,"href":"https:\/\/ninja.encktemp.com.br\/speedbrindes\/wp-json\/wp\/v2\/product_brand?post=271661"},{"taxonomy":"product_cat","embeddable":true,"href":"https:\/\/ninja.encktemp.com.br\/speedbrindes\/wp-json\/wp\/v2\/product_cat?post=271661"},{"taxonomy":"product_tag","embeddable":true,"href":"https:\/\/ninja.encktemp.com.br\/speedbrindes\/wp-json\/wp\/v2\/product_tag?post=271661"}],"curies":[{"name":"wp","href":"https:\/\/api.w.org\/{rel}","templated":true}]}}