{"id":271551,"date":"2025-12-14T21:28:36","date_gmt":"2025-12-15T00:28:36","guid":{"rendered":"https:\/\/ninja.encktemp.com.br\/speedbrindes\/product\/mala-de-viagem-106l\/"},"modified":"2025-12-28T05:24:25","modified_gmt":"2025-12-28T08:24:25","slug":"mala-de-viagem-106l","status":"publish","type":"product","link":"https:\/\/ninja.encktemp.com.br\/speedbrindes\/product\/mala-de-viagem-106l\/","title":{"rendered":"MALA DE VIAGEM 106L"},"content":{"rendered":"<p>Projetada para oferecer praticidade e conforto, esta mala une o pl\u00e1stico resistente a um design exclusivo. Perfeita para qualquer viagem, ela apresenta um interior inteligente com divis\u00f3ria equipada com bolso em tela e cinta compressora, garantindo organiza\u00e7\u00e3o e seguran\u00e7a para os seus pertences. Com 4 apoios laterais para maior estabilidade e 4 rodas com giro 360\u00b0, proporciona locomo\u00e7\u00e3o suave em qualquer dire\u00e7\u00e3o. O puxador ergon\u00f4mico, as duas al\u00e7as de m\u00e3o e o cadeado TSA agregam prote\u00e7\u00e3o, mobilidade e facilidade no manuseio. Ideal para quem busca espa\u00e7o, funcionalidade e seguran\u00e7a em suas viagens.<\/p>\n","protected":false},"excerpt":{"rendered":"<p>Projetada para oferecer praticidade e conforto, esta mala une o pl\u00e1stico resistente a um design exclusivo. Perfeita para qualquer viagem, [&hellip;]<\/p>\n","protected":false},"featured_media":294881,"comment_status":"open","ping_status":"closed","template":"","meta":[],"product_brand":[2878],"product_cat":[2905],"product_tag":[],"class_list":{"0":"post-271551","1":"product","2":"type-product","3":"status-publish","4":"has-post-thumbnail","6":"product_brand-xbz","7":"product_cat-bolsas-e-acessorios-de-viagem","9":"first","10":"instock","11":"shipping-taxable","12":"purchasable","13":"product-type-variable"},"_links":{"self":[{"href":"https:\/\/ninja.encktemp.com.br\/speedbrindes\/wp-json\/wp\/v2\/product\/271551","targetHints":{"allow":["GET"]}}],"collection":[{"href":"https:\/\/ninja.encktemp.com.br\/speedbrindes\/wp-json\/wp\/v2\/product"}],"about":[{"href":"https:\/\/ninja.encktemp.com.br\/speedbrindes\/wp-json\/wp\/v2\/types\/product"}],"replies":[{"embeddable":true,"href":"https:\/\/ninja.encktemp.com.br\/speedbrindes\/wp-json\/wp\/v2\/comments?post=271551"}],"wp:featuredmedia":[{"embeddable":true,"href":"https:\/\/ninja.encktemp.com.br\/speedbrindes\/wp-json\/wp\/v2\/media\/294881"}],"wp:attachment":[{"href":"https:\/\/ninja.encktemp.com.br\/speedbrindes\/wp-json\/wp\/v2\/media?parent=271551"}],"wp:term":[{"taxonomy":"product_brand","embeddable":true,"href":"https:\/\/ninja.encktemp.com.br\/speedbrindes\/wp-json\/wp\/v2\/product_brand?post=271551"},{"taxonomy":"product_cat","embeddable":true,"href":"https:\/\/ninja.encktemp.com.br\/speedbrindes\/wp-json\/wp\/v2\/product_cat?post=271551"},{"taxonomy":"product_tag","embeddable":true,"href":"https:\/\/ninja.encktemp.com.br\/speedbrindes\/wp-json\/wp\/v2\/product_tag?post=271551"}],"curies":[{"name":"wp","href":"https:\/\/api.w.org\/{rel}","templated":true}]}}