{"id":271081,"date":"2025-12-14T21:27:18","date_gmt":"2025-12-15T00:27:18","guid":{"rendered":"https:\/\/ninja.encktemp.com.br\/speedbrindes\/product\/caneca-inox-parede-dupla-350ml-3\/"},"modified":"2025-12-28T05:25:11","modified_gmt":"2025-12-28T08:25:11","slug":"caneca-inox-parede-dupla-350ml-3","status":"publish","type":"product","link":"https:\/\/ninja.encktemp.com.br\/speedbrindes\/product\/caneca-inox-parede-dupla-350ml-3\/","title":{"rendered":"CANECA INOX PAREDE DUPLA 350ML"},"content":{"rendered":"<p>A caneca perfeita para saborear suas bebidas com estilo! Feita em inox, com parede dupla e capacidade de at\u00e9 350ml, possui um design moderno e suas cores foscas permitem uma f\u00e1cil adapta\u00e7\u00e3o com os ambientes e decora\u00e7\u00f5es.<\/p>\n","protected":false},"excerpt":{"rendered":"<p>A caneca perfeita para saborear suas bebidas com estilo! Feita em inox, com parede dupla e capacidade de at\u00e9 350ml, [&hellip;]<\/p>\n","protected":false},"featured_media":245444,"comment_status":"open","ping_status":"closed","template":"","meta":[],"product_brand":[2878],"product_cat":[790,1913,2901,2985],"product_tag":[],"class_list":{"0":"post-271081","1":"product","2":"type-product","3":"status-publish","4":"has-post-thumbnail","6":"product_brand-xbz","7":"product_cat-copos-canecas-squeezes-e-garrafas-mochilas-malas-e-necessaires","8":"product_cat-canecas","9":"product_cat-casa-e-cozinha","10":"product_cat-canecas-2","12":"first","13":"instock","14":"shipping-taxable","15":"purchasable","16":"product-type-variable"},"_links":{"self":[{"href":"https:\/\/ninja.encktemp.com.br\/speedbrindes\/wp-json\/wp\/v2\/product\/271081","targetHints":{"allow":["GET"]}}],"collection":[{"href":"https:\/\/ninja.encktemp.com.br\/speedbrindes\/wp-json\/wp\/v2\/product"}],"about":[{"href":"https:\/\/ninja.encktemp.com.br\/speedbrindes\/wp-json\/wp\/v2\/types\/product"}],"replies":[{"embeddable":true,"href":"https:\/\/ninja.encktemp.com.br\/speedbrindes\/wp-json\/wp\/v2\/comments?post=271081"}],"wp:featuredmedia":[{"embeddable":true,"href":"https:\/\/ninja.encktemp.com.br\/speedbrindes\/wp-json\/wp\/v2\/media\/245444"}],"wp:attachment":[{"href":"https:\/\/ninja.encktemp.com.br\/speedbrindes\/wp-json\/wp\/v2\/media?parent=271081"}],"wp:term":[{"taxonomy":"product_brand","embeddable":true,"href":"https:\/\/ninja.encktemp.com.br\/speedbrindes\/wp-json\/wp\/v2\/product_brand?post=271081"},{"taxonomy":"product_cat","embeddable":true,"href":"https:\/\/ninja.encktemp.com.br\/speedbrindes\/wp-json\/wp\/v2\/product_cat?post=271081"},{"taxonomy":"product_tag","embeddable":true,"href":"https:\/\/ninja.encktemp.com.br\/speedbrindes\/wp-json\/wp\/v2\/product_tag?post=271081"}],"curies":[{"name":"wp","href":"https:\/\/api.w.org\/{rel}","templated":true}]}}