{"id":270930,"date":"2025-12-14T21:26:57","date_gmt":"2025-12-15T00:26:57","guid":{"rendered":"https:\/\/ninja.encktemp.com.br\/speedbrindes\/product\/coqueteleira-termica-700ml\/"},"modified":"2025-12-28T05:25:21","modified_gmt":"2025-12-28T08:25:21","slug":"coqueteleira-termica-700ml","status":"publish","type":"product","link":"https:\/\/ninja.encktemp.com.br\/speedbrindes\/product\/coqueteleira-termica-700ml\/","title":{"rendered":"COQUETELEIRA T\u00c9RMICA 700ML"},"content":{"rendered":"<p>Para quem adora preparar bebidas, seja para confraternizar com amigos ou curtir um drink sozinho, a nossa Coqueteleira T\u00e9rmica de 700ml em inox \u00e9 a escolha perfeita. Com ela, \u00e9 poss\u00edvel preparar bebidas deliciosas tanto para um p\u00f3s-treino, quanto para o seu home bar! Sua tampa rosque\u00e1vel possui fechamento com trava para dar maior seguran\u00e7a durante o preparo, e al\u00e7a integrada flex\u00edvel para um melhor manuseio. Al\u00e9m disso, nossa coqueteleira acompanha misturador de mola muito eficaz para achocolatados, shakes, misturar suplementos e entre outros. Seu principal diferencial est\u00e1 na conserva\u00e7\u00e3o t\u00e9rmica, deixando as bebidas mais saborosas e frescas por muito mais tempo.<\/p>\n","protected":false},"excerpt":{"rendered":"<p>Para quem adora preparar bebidas, seja para confraternizar com amigos ou curtir um drink sozinho, a nossa Coqueteleira T\u00e9rmica de [&hellip;]<\/p>\n","protected":false},"featured_media":295119,"comment_status":"open","ping_status":"closed","template":"","meta":[],"product_brand":[2878],"product_cat":[2901],"product_tag":[],"class_list":{"0":"post-270930","1":"product","2":"type-product","3":"status-publish","4":"has-post-thumbnail","6":"product_brand-xbz","7":"product_cat-casa-e-cozinha","9":"first","10":"instock","11":"shipping-taxable","12":"purchasable","13":"product-type-variable"},"_links":{"self":[{"href":"https:\/\/ninja.encktemp.com.br\/speedbrindes\/wp-json\/wp\/v2\/product\/270930","targetHints":{"allow":["GET"]}}],"collection":[{"href":"https:\/\/ninja.encktemp.com.br\/speedbrindes\/wp-json\/wp\/v2\/product"}],"about":[{"href":"https:\/\/ninja.encktemp.com.br\/speedbrindes\/wp-json\/wp\/v2\/types\/product"}],"replies":[{"embeddable":true,"href":"https:\/\/ninja.encktemp.com.br\/speedbrindes\/wp-json\/wp\/v2\/comments?post=270930"}],"wp:featuredmedia":[{"embeddable":true,"href":"https:\/\/ninja.encktemp.com.br\/speedbrindes\/wp-json\/wp\/v2\/media\/295119"}],"wp:attachment":[{"href":"https:\/\/ninja.encktemp.com.br\/speedbrindes\/wp-json\/wp\/v2\/media?parent=270930"}],"wp:term":[{"taxonomy":"product_brand","embeddable":true,"href":"https:\/\/ninja.encktemp.com.br\/speedbrindes\/wp-json\/wp\/v2\/product_brand?post=270930"},{"taxonomy":"product_cat","embeddable":true,"href":"https:\/\/ninja.encktemp.com.br\/speedbrindes\/wp-json\/wp\/v2\/product_cat?post=270930"},{"taxonomy":"product_tag","embeddable":true,"href":"https:\/\/ninja.encktemp.com.br\/speedbrindes\/wp-json\/wp\/v2\/product_tag?post=270930"}],"curies":[{"name":"wp","href":"https:\/\/api.w.org\/{rel}","templated":true}]}}