{"id":270798,"date":"2025-12-14T21:26:33","date_gmt":"2025-12-15T00:26:33","guid":{"rendered":"https:\/\/ninja.encktemp.com.br\/speedbrindes\/product\/garrafa-termica-inox-850ml\/"},"modified":"2025-12-28T05:25:32","modified_gmt":"2025-12-28T08:25:32","slug":"garrafa-termica-inox-850ml","status":"publish","type":"product","link":"https:\/\/ninja.encktemp.com.br\/speedbrindes\/product\/garrafa-termica-inox-850ml\/","title":{"rendered":"GARRAFA T\u00c9RMICA INOX 850ML"},"content":{"rendered":"<p>Chega de preocupa\u00e7\u00f5es ao consumir suas bebidas! Nossa garrafa t\u00e9rmica de 850 ml, feita em inox, foi projetada para trazer mais praticidade ao seu dia a dia. Com uma trava embutida na tampa, ela se mant\u00e9m fixa durante o uso, evitando o inc\u00f4modo de acidentes ? como a tampa que bate no rosto enquanto voc\u00ea bebe. Uma solu\u00e7\u00e3o inteligente para quem busca conforto e efici\u00eancia!<\/p>\n","protected":false},"excerpt":{"rendered":"<p>Chega de preocupa\u00e7\u00f5es ao consumir suas bebidas! Nossa garrafa t\u00e9rmica de 850 ml, feita em inox, foi projetada para trazer [&hellip;]<\/p>\n","protected":false},"featured_media":296117,"comment_status":"open","ping_status":"closed","template":"","meta":[],"product_brand":[2878],"product_cat":[2901],"product_tag":[],"class_list":{"0":"post-270798","1":"product","2":"type-product","3":"status-publish","4":"has-post-thumbnail","6":"product_brand-xbz","7":"product_cat-casa-e-cozinha","9":"first","10":"instock","11":"shipping-taxable","12":"purchasable","13":"product-type-variable"},"_links":{"self":[{"href":"https:\/\/ninja.encktemp.com.br\/speedbrindes\/wp-json\/wp\/v2\/product\/270798","targetHints":{"allow":["GET"]}}],"collection":[{"href":"https:\/\/ninja.encktemp.com.br\/speedbrindes\/wp-json\/wp\/v2\/product"}],"about":[{"href":"https:\/\/ninja.encktemp.com.br\/speedbrindes\/wp-json\/wp\/v2\/types\/product"}],"replies":[{"embeddable":true,"href":"https:\/\/ninja.encktemp.com.br\/speedbrindes\/wp-json\/wp\/v2\/comments?post=270798"}],"wp:featuredmedia":[{"embeddable":true,"href":"https:\/\/ninja.encktemp.com.br\/speedbrindes\/wp-json\/wp\/v2\/media\/296117"}],"wp:attachment":[{"href":"https:\/\/ninja.encktemp.com.br\/speedbrindes\/wp-json\/wp\/v2\/media?parent=270798"}],"wp:term":[{"taxonomy":"product_brand","embeddable":true,"href":"https:\/\/ninja.encktemp.com.br\/speedbrindes\/wp-json\/wp\/v2\/product_brand?post=270798"},{"taxonomy":"product_cat","embeddable":true,"href":"https:\/\/ninja.encktemp.com.br\/speedbrindes\/wp-json\/wp\/v2\/product_cat?post=270798"},{"taxonomy":"product_tag","embeddable":true,"href":"https:\/\/ninja.encktemp.com.br\/speedbrindes\/wp-json\/wp\/v2\/product_tag?post=270798"}],"curies":[{"name":"wp","href":"https:\/\/api.w.org\/{rel}","templated":true}]}}