{"id":270518,"date":"2025-12-14T21:25:45","date_gmt":"2025-12-15T00:25:45","guid":{"rendered":"https:\/\/ninja.encktemp.com.br\/speedbrindes\/product\/bolsa-termica-17l-3\/"},"modified":"2025-12-28T05:25:55","modified_gmt":"2025-12-28T08:25:55","slug":"bolsa-termica-17l-3","status":"publish","type":"product","link":"https:\/\/ninja.encktemp.com.br\/speedbrindes\/product\/bolsa-termica-17l-3\/","title":{"rendered":"BOLSA T\u00c9RMICA 17L"},"content":{"rendered":"<p>Que tal uma bolsa t\u00e9rmica eficiente para passeios, faculdade ou trabalho? Nossa bolsa t\u00e9rmica de 17 Litros \u00e9 a escolha perfeita! Feita com tecido Oxford, ela possui dois compartimentos, incluindo um frontal, al\u00e9m de bolsos laterais com el\u00e1stico para manter tudo organizado. O compartimento principal possui revestimento t\u00e9rmico soldado antivazamento, garantindo a temperatura ideal dos alimentos e bebidas, sem risco de vazamentos de l\u00edquidos. <\/p>\n","protected":false},"excerpt":{"rendered":"<p>Que tal uma bolsa t\u00e9rmica eficiente para passeios, faculdade ou trabalho? Nossa bolsa t\u00e9rmica de 17 Litros \u00e9 a escolha [&hellip;]<\/p>\n","protected":false},"featured_media":296194,"comment_status":"open","ping_status":"closed","template":"","meta":[],"product_brand":[2878],"product_cat":[2897],"product_tag":[],"class_list":{"0":"post-270518","1":"product","2":"type-product","3":"status-publish","4":"has-post-thumbnail","6":"product_brand-xbz","7":"product_cat-mochilas-e-bolsas","9":"first","10":"instock","11":"shipping-taxable","12":"purchasable","13":"product-type-variable"},"_links":{"self":[{"href":"https:\/\/ninja.encktemp.com.br\/speedbrindes\/wp-json\/wp\/v2\/product\/270518","targetHints":{"allow":["GET"]}}],"collection":[{"href":"https:\/\/ninja.encktemp.com.br\/speedbrindes\/wp-json\/wp\/v2\/product"}],"about":[{"href":"https:\/\/ninja.encktemp.com.br\/speedbrindes\/wp-json\/wp\/v2\/types\/product"}],"replies":[{"embeddable":true,"href":"https:\/\/ninja.encktemp.com.br\/speedbrindes\/wp-json\/wp\/v2\/comments?post=270518"}],"wp:featuredmedia":[{"embeddable":true,"href":"https:\/\/ninja.encktemp.com.br\/speedbrindes\/wp-json\/wp\/v2\/media\/296194"}],"wp:attachment":[{"href":"https:\/\/ninja.encktemp.com.br\/speedbrindes\/wp-json\/wp\/v2\/media?parent=270518"}],"wp:term":[{"taxonomy":"product_brand","embeddable":true,"href":"https:\/\/ninja.encktemp.com.br\/speedbrindes\/wp-json\/wp\/v2\/product_brand?post=270518"},{"taxonomy":"product_cat","embeddable":true,"href":"https:\/\/ninja.encktemp.com.br\/speedbrindes\/wp-json\/wp\/v2\/product_cat?post=270518"},{"taxonomy":"product_tag","embeddable":true,"href":"https:\/\/ninja.encktemp.com.br\/speedbrindes\/wp-json\/wp\/v2\/product_tag?post=270518"}],"curies":[{"name":"wp","href":"https:\/\/api.w.org\/{rel}","templated":true}]}}