{"id":270421,"date":"2025-12-14T21:25:29","date_gmt":"2025-12-15T00:25:29","guid":{"rendered":"https:\/\/ninja.encktemp.com.br\/speedbrindes\/product\/fone-de-ouvido-bluetooth-3\/"},"modified":"2025-12-28T05:26:04","modified_gmt":"2025-12-28T08:26:04","slug":"fone-de-ouvido-bluetooth-3","status":"publish","type":"product","link":"https:\/\/ninja.encktemp.com.br\/speedbrindes\/product\/fone-de-ouvido-bluetooth-3\/","title":{"rendered":"FONE DE OUVIDO BLUETOOTH"},"content":{"rendered":"<p>Fone de ouvido Bluetooth TWS com comando touch e case carregador \u00e0 prova d\u00e1gua. Possui display de bateria. Material pl\u00e1stico. Acompanha cabo USB Tipo-C.<\/p>\n","protected":false},"excerpt":{"rendered":"<p>Fone de ouvido Bluetooth TWS com comando touch e case carregador \u00e0 prova d\u00e1gua. Possui display de bateria. Material pl\u00e1stico. [&hellip;]<\/p>\n","protected":false},"featured_media":296712,"comment_status":"open","ping_status":"closed","template":"","meta":[],"product_brand":[2878],"product_cat":[2906],"product_tag":[],"class_list":{"0":"post-270421","1":"product","2":"type-product","3":"status-publish","4":"has-post-thumbnail","6":"product_brand-xbz","7":"product_cat-eletronicos-e-acessorios","9":"first","10":"instock","11":"shipping-taxable","12":"purchasable","13":"product-type-variable"},"_links":{"self":[{"href":"https:\/\/ninja.encktemp.com.br\/speedbrindes\/wp-json\/wp\/v2\/product\/270421","targetHints":{"allow":["GET"]}}],"collection":[{"href":"https:\/\/ninja.encktemp.com.br\/speedbrindes\/wp-json\/wp\/v2\/product"}],"about":[{"href":"https:\/\/ninja.encktemp.com.br\/speedbrindes\/wp-json\/wp\/v2\/types\/product"}],"replies":[{"embeddable":true,"href":"https:\/\/ninja.encktemp.com.br\/speedbrindes\/wp-json\/wp\/v2\/comments?post=270421"}],"wp:featuredmedia":[{"embeddable":true,"href":"https:\/\/ninja.encktemp.com.br\/speedbrindes\/wp-json\/wp\/v2\/media\/296712"}],"wp:attachment":[{"href":"https:\/\/ninja.encktemp.com.br\/speedbrindes\/wp-json\/wp\/v2\/media?parent=270421"}],"wp:term":[{"taxonomy":"product_brand","embeddable":true,"href":"https:\/\/ninja.encktemp.com.br\/speedbrindes\/wp-json\/wp\/v2\/product_brand?post=270421"},{"taxonomy":"product_cat","embeddable":true,"href":"https:\/\/ninja.encktemp.com.br\/speedbrindes\/wp-json\/wp\/v2\/product_cat?post=270421"},{"taxonomy":"product_tag","embeddable":true,"href":"https:\/\/ninja.encktemp.com.br\/speedbrindes\/wp-json\/wp\/v2\/product_tag?post=270421"}],"curies":[{"name":"wp","href":"https:\/\/api.w.org\/{rel}","templated":true}]}}