{"id":270311,"date":"2025-12-14T21:25:08","date_gmt":"2025-12-15T00:25:08","guid":{"rendered":"https:\/\/ninja.encktemp.com.br\/speedbrindes\/product\/squeeze-plastico-900ml-2\/"},"modified":"2025-12-28T05:26:16","modified_gmt":"2025-12-28T08:26:16","slug":"squeeze-plastico-900ml-2","status":"publish","type":"product","link":"https:\/\/ninja.encktemp.com.br\/speedbrindes\/product\/squeeze-plastico-900ml-2\/","title":{"rendered":"SQUEEZE PL\u00c1STICO 900ML"},"content":{"rendered":"<p>Squeeze pl\u00e1stico com capacidade de 900ml. Possui tampa rosque\u00e1vel com tampa protetora para bocal e al\u00e7a para transporte acoplado.<\/p>\n","protected":false},"excerpt":{"rendered":"<p>Squeeze pl\u00e1stico com capacidade de 900ml. Possui tampa rosque\u00e1vel com tampa protetora para bocal e al\u00e7a para transporte acoplado.<\/p>\n","protected":false},"featured_media":296733,"comment_status":"open","ping_status":"closed","template":"","meta":[],"product_brand":[2878],"product_cat":[439,790,981,2894,2901,2988],"product_tag":[],"class_list":{"0":"post-270311","1":"product","2":"type-product","3":"status-publish","4":"has-post-thumbnail","6":"product_brand-xbz","7":"product_cat-copos-canecas-squeezes-e-garrafas","8":"product_cat-copos-canecas-squeezes-e-garrafas-mochilas-malas-e-necessaires","9":"product_cat-squeezes-copos","10":"product_cat-garrafas-e-squeezes","11":"product_cat-casa-e-cozinha","12":"product_cat-squeezes","14":"first","15":"instock","16":"shipping-taxable","17":"purchasable","18":"product-type-variable"},"_links":{"self":[{"href":"https:\/\/ninja.encktemp.com.br\/speedbrindes\/wp-json\/wp\/v2\/product\/270311","targetHints":{"allow":["GET"]}}],"collection":[{"href":"https:\/\/ninja.encktemp.com.br\/speedbrindes\/wp-json\/wp\/v2\/product"}],"about":[{"href":"https:\/\/ninja.encktemp.com.br\/speedbrindes\/wp-json\/wp\/v2\/types\/product"}],"replies":[{"embeddable":true,"href":"https:\/\/ninja.encktemp.com.br\/speedbrindes\/wp-json\/wp\/v2\/comments?post=270311"}],"wp:featuredmedia":[{"embeddable":true,"href":"https:\/\/ninja.encktemp.com.br\/speedbrindes\/wp-json\/wp\/v2\/media\/296733"}],"wp:attachment":[{"href":"https:\/\/ninja.encktemp.com.br\/speedbrindes\/wp-json\/wp\/v2\/media?parent=270311"}],"wp:term":[{"taxonomy":"product_brand","embeddable":true,"href":"https:\/\/ninja.encktemp.com.br\/speedbrindes\/wp-json\/wp\/v2\/product_brand?post=270311"},{"taxonomy":"product_cat","embeddable":true,"href":"https:\/\/ninja.encktemp.com.br\/speedbrindes\/wp-json\/wp\/v2\/product_cat?post=270311"},{"taxonomy":"product_tag","embeddable":true,"href":"https:\/\/ninja.encktemp.com.br\/speedbrindes\/wp-json\/wp\/v2\/product_tag?post=270311"}],"curies":[{"name":"wp","href":"https:\/\/api.w.org\/{rel}","templated":true}]}}