{"id":270005,"date":"2025-12-14T21:24:13","date_gmt":"2025-12-15T00:24:13","guid":{"rendered":"https:\/\/ninja.encktemp.com.br\/speedbrindes\/product\/mochila-de-couro-sintetico-41l\/"},"modified":"2025-12-28T05:26:48","modified_gmt":"2025-12-28T08:26:48","slug":"mochila-de-couro-sintetico-41l","status":"publish","type":"product","link":"https:\/\/ninja.encktemp.com.br\/speedbrindes\/product\/mochila-de-couro-sintetico-41l\/","title":{"rendered":"MOCHILA DE COURO SINT\u00c9TICO 41L"},"content":{"rendered":"<p>Mochila de couro sint\u00e9tico de 41 litros resistente \u00e0 \u00e1gua. Possui dois compartimentos, sendo o principal com bolso para notebook de 15,6 polegadas. Possui fechamento por z\u00edper e cinto com velcro, fivelas nas laterais para maior ajuste e engate para mala de viagem.<\/p>\n","protected":false},"excerpt":{"rendered":"<p>Mochila de couro sint\u00e9tico de 41 litros resistente \u00e0 \u00e1gua. Possui dois compartimentos, sendo o principal com bolso para notebook [&hellip;]<\/p>\n","protected":false},"featured_media":296376,"comment_status":"open","ping_status":"closed","template":"","meta":[],"product_brand":[2878],"product_cat":[764,1203,1208,2897],"product_tag":[],"class_list":{"0":"post-270005","1":"product","2":"type-product","3":"status-publish","4":"has-post-thumbnail","6":"product_brand-xbz","7":"product_cat-mochilas-malas-e-necessaires","8":"product_cat-mochilas-malas-pastas","9":"product_cat-mochilas-mochilas-malas-pastas","10":"product_cat-mochilas-e-bolsas","12":"first","13":"instock","14":"shipping-taxable","15":"purchasable","16":"product-type-variable"},"_links":{"self":[{"href":"https:\/\/ninja.encktemp.com.br\/speedbrindes\/wp-json\/wp\/v2\/product\/270005","targetHints":{"allow":["GET"]}}],"collection":[{"href":"https:\/\/ninja.encktemp.com.br\/speedbrindes\/wp-json\/wp\/v2\/product"}],"about":[{"href":"https:\/\/ninja.encktemp.com.br\/speedbrindes\/wp-json\/wp\/v2\/types\/product"}],"replies":[{"embeddable":true,"href":"https:\/\/ninja.encktemp.com.br\/speedbrindes\/wp-json\/wp\/v2\/comments?post=270005"}],"wp:featuredmedia":[{"embeddable":true,"href":"https:\/\/ninja.encktemp.com.br\/speedbrindes\/wp-json\/wp\/v2\/media\/296376"}],"wp:attachment":[{"href":"https:\/\/ninja.encktemp.com.br\/speedbrindes\/wp-json\/wp\/v2\/media?parent=270005"}],"wp:term":[{"taxonomy":"product_brand","embeddable":true,"href":"https:\/\/ninja.encktemp.com.br\/speedbrindes\/wp-json\/wp\/v2\/product_brand?post=270005"},{"taxonomy":"product_cat","embeddable":true,"href":"https:\/\/ninja.encktemp.com.br\/speedbrindes\/wp-json\/wp\/v2\/product_cat?post=270005"},{"taxonomy":"product_tag","embeddable":true,"href":"https:\/\/ninja.encktemp.com.br\/speedbrindes\/wp-json\/wp\/v2\/product_tag?post=270005"}],"curies":[{"name":"wp","href":"https:\/\/api.w.org\/{rel}","templated":true}]}}