{"id":269993,"date":"2025-12-14T21:24:12","date_gmt":"2025-12-15T00:24:12","guid":{"rendered":"https:\/\/ninja.encktemp.com.br\/speedbrindes\/product\/necessaire-em-couro-sintetico\/"},"modified":"2025-12-28T05:26:49","modified_gmt":"2025-12-28T08:26:49","slug":"necessaire-em-couro-sintetico","status":"publish","type":"product","link":"https:\/\/ninja.encktemp.com.br\/speedbrindes\/product\/necessaire-em-couro-sintetico\/","title":{"rendered":"N\u00c9CESSAIRE EM COURO SINT\u00c9TICO"},"content":{"rendered":"<p>A combina\u00e7\u00e3o perfeita entre delicadeza e qualidade, esta n\u00e9cessaire agradar\u00e1 at\u00e9 mesmo as pessoas mais exigentes. Feita de PU resistente \u00e0 \u00e1gua, cada detalhe foi meticulosamente pensado para torn\u00e1-la pr\u00e1tica: um compartimento principal com 5 divis\u00f3rias para pinc\u00e9is e amplo espa\u00e7o para diversos cosm\u00e9ticos, al\u00e9m de um compartimento frontal com v\u00e1rios organizadores para joias como an\u00e9is, brincos e colares. Com z\u00edperes de puxadores dourados, cada detalhe torna esta n\u00e9cessaire uma pe\u00e7a sofisticada e funcional.<\/p>\n","protected":false},"excerpt":{"rendered":"<p>A combina\u00e7\u00e3o perfeita entre delicadeza e qualidade, esta n\u00e9cessaire agradar\u00e1 at\u00e9 mesmo as pessoas mais exigentes. Feita de PU resistente [&hellip;]<\/p>\n","protected":false},"featured_media":296383,"comment_status":"open","ping_status":"closed","template":"","meta":[],"product_brand":[2878],"product_cat":[764,2905,2994],"product_tag":[],"class_list":{"0":"post-269993","1":"product","2":"type-product","3":"status-publish","4":"has-post-thumbnail","6":"product_brand-xbz","7":"product_cat-mochilas-malas-e-necessaires","8":"product_cat-bolsas-e-acessorios-de-viagem","9":"product_cat-necessaires","11":"first","12":"instock","13":"shipping-taxable","14":"purchasable","15":"product-type-variable"},"_links":{"self":[{"href":"https:\/\/ninja.encktemp.com.br\/speedbrindes\/wp-json\/wp\/v2\/product\/269993","targetHints":{"allow":["GET"]}}],"collection":[{"href":"https:\/\/ninja.encktemp.com.br\/speedbrindes\/wp-json\/wp\/v2\/product"}],"about":[{"href":"https:\/\/ninja.encktemp.com.br\/speedbrindes\/wp-json\/wp\/v2\/types\/product"}],"replies":[{"embeddable":true,"href":"https:\/\/ninja.encktemp.com.br\/speedbrindes\/wp-json\/wp\/v2\/comments?post=269993"}],"wp:featuredmedia":[{"embeddable":true,"href":"https:\/\/ninja.encktemp.com.br\/speedbrindes\/wp-json\/wp\/v2\/media\/296383"}],"wp:attachment":[{"href":"https:\/\/ninja.encktemp.com.br\/speedbrindes\/wp-json\/wp\/v2\/media?parent=269993"}],"wp:term":[{"taxonomy":"product_brand","embeddable":true,"href":"https:\/\/ninja.encktemp.com.br\/speedbrindes\/wp-json\/wp\/v2\/product_brand?post=269993"},{"taxonomy":"product_cat","embeddable":true,"href":"https:\/\/ninja.encktemp.com.br\/speedbrindes\/wp-json\/wp\/v2\/product_cat?post=269993"},{"taxonomy":"product_tag","embeddable":true,"href":"https:\/\/ninja.encktemp.com.br\/speedbrindes\/wp-json\/wp\/v2\/product_tag?post=269993"}],"curies":[{"name":"wp","href":"https:\/\/api.w.org\/{rel}","templated":true}]}}