{"id":269583,"date":"2025-12-14T21:22:56","date_gmt":"2025-12-15T00:22:56","guid":{"rendered":"https:\/\/ninja.encktemp.com.br\/speedbrindes\/product\/mochila-couro-sintetico-usb-22l\/"},"modified":"2025-12-28T05:27:31","modified_gmt":"2025-12-28T08:27:31","slug":"mochila-couro-sintetico-usb-22l","status":"publish","type":"product","link":"https:\/\/ninja.encktemp.com.br\/speedbrindes\/product\/mochila-couro-sintetico-usb-22l\/","title":{"rendered":"MOCHILA COURO SINT\u00c9TICO USB 22L"},"content":{"rendered":"<p>Mochila em couro sint\u00e9tico 22 litros resistente \u00e0 \u00e1gua com cinco compartimentos, sendo o principal com bolso para notebook 156. Com divis\u00f3rias internas para acess\u00f3rios, a mochila possui suporte externo usb, al\u00e7a para encaixe em malas de viagem e duas al\u00e7as de m\u00e3os, sendo uma delas lateral para o transporte da mochila no modo pasta.<\/p>\n","protected":false},"excerpt":{"rendered":"<p>Mochila em couro sint\u00e9tico 22 litros resistente \u00e0 \u00e1gua com cinco compartimentos, sendo o principal com bolso para notebook 156. [&hellip;]<\/p>\n","protected":false},"featured_media":296975,"comment_status":"open","ping_status":"closed","template":"","meta":[],"product_brand":[2878],"product_cat":[764,1203,1208,2897],"product_tag":[],"class_list":{"0":"post-269583","1":"product","2":"type-product","3":"status-publish","4":"has-post-thumbnail","6":"product_brand-xbz","7":"product_cat-mochilas-malas-e-necessaires","8":"product_cat-mochilas-malas-pastas","9":"product_cat-mochilas-mochilas-malas-pastas","10":"product_cat-mochilas-e-bolsas","12":"first","13":"instock","14":"shipping-taxable","15":"purchasable","16":"product-type-variable"},"_links":{"self":[{"href":"https:\/\/ninja.encktemp.com.br\/speedbrindes\/wp-json\/wp\/v2\/product\/269583","targetHints":{"allow":["GET"]}}],"collection":[{"href":"https:\/\/ninja.encktemp.com.br\/speedbrindes\/wp-json\/wp\/v2\/product"}],"about":[{"href":"https:\/\/ninja.encktemp.com.br\/speedbrindes\/wp-json\/wp\/v2\/types\/product"}],"replies":[{"embeddable":true,"href":"https:\/\/ninja.encktemp.com.br\/speedbrindes\/wp-json\/wp\/v2\/comments?post=269583"}],"wp:featuredmedia":[{"embeddable":true,"href":"https:\/\/ninja.encktemp.com.br\/speedbrindes\/wp-json\/wp\/v2\/media\/296975"}],"wp:attachment":[{"href":"https:\/\/ninja.encktemp.com.br\/speedbrindes\/wp-json\/wp\/v2\/media?parent=269583"}],"wp:term":[{"taxonomy":"product_brand","embeddable":true,"href":"https:\/\/ninja.encktemp.com.br\/speedbrindes\/wp-json\/wp\/v2\/product_brand?post=269583"},{"taxonomy":"product_cat","embeddable":true,"href":"https:\/\/ninja.encktemp.com.br\/speedbrindes\/wp-json\/wp\/v2\/product_cat?post=269583"},{"taxonomy":"product_tag","embeddable":true,"href":"https:\/\/ninja.encktemp.com.br\/speedbrindes\/wp-json\/wp\/v2\/product_tag?post=269583"}],"curies":[{"name":"wp","href":"https:\/\/api.w.org\/{rel}","templated":true}]}}