{"id":269173,"date":"2025-12-14T21:21:50","date_gmt":"2025-12-15T00:21:50","guid":{"rendered":"https:\/\/ninja.encktemp.com.br\/speedbrindes\/product\/mala-de-viagem-64-litros\/"},"modified":"2025-12-28T05:28:09","modified_gmt":"2025-12-28T08:28:09","slug":"mala-de-viagem-64-litros","status":"publish","type":"product","link":"https:\/\/ninja.encktemp.com.br\/speedbrindes\/product\/mala-de-viagem-64-litros\/","title":{"rendered":"MALA DE VIAGEM 64 LITROS"},"content":{"rendered":"<p>Mala de viagem 64 litros feita em pl\u00e1stico com acabamento em alum\u00ednio, cont\u00e9m cadeado num\u00e9rico TSA. Compartimentos internos com bolso telado, bolso pl\u00e1stico para itens molhados e cinta compressora para roupas. A mala possui duas al\u00e7as de m\u00e3os, puxador retr\u00e1til com regulagem de tamanho, suporte porta bolsa, quatro rodinhas 360\u00ba e apoios laterais.<\/p>\n","protected":false},"excerpt":{"rendered":"<p>Mala de viagem 64 litros feita em pl\u00e1stico com acabamento em alum\u00ednio, cont\u00e9m cadeado num\u00e9rico TSA. Compartimentos internos com bolso [&hellip;]<\/p>\n","protected":false},"featured_media":300643,"comment_status":"open","ping_status":"closed","template":"","meta":[],"product_brand":[2878],"product_cat":[2905],"product_tag":[],"class_list":{"0":"post-269173","1":"product","2":"type-product","3":"status-publish","4":"has-post-thumbnail","6":"product_brand-xbz","7":"product_cat-bolsas-e-acessorios-de-viagem","9":"first","10":"instock","11":"shipping-taxable","12":"purchasable","13":"product-type-variable"},"_links":{"self":[{"href":"https:\/\/ninja.encktemp.com.br\/speedbrindes\/wp-json\/wp\/v2\/product\/269173","targetHints":{"allow":["GET"]}}],"collection":[{"href":"https:\/\/ninja.encktemp.com.br\/speedbrindes\/wp-json\/wp\/v2\/product"}],"about":[{"href":"https:\/\/ninja.encktemp.com.br\/speedbrindes\/wp-json\/wp\/v2\/types\/product"}],"replies":[{"embeddable":true,"href":"https:\/\/ninja.encktemp.com.br\/speedbrindes\/wp-json\/wp\/v2\/comments?post=269173"}],"wp:featuredmedia":[{"embeddable":true,"href":"https:\/\/ninja.encktemp.com.br\/speedbrindes\/wp-json\/wp\/v2\/media\/300643"}],"wp:attachment":[{"href":"https:\/\/ninja.encktemp.com.br\/speedbrindes\/wp-json\/wp\/v2\/media?parent=269173"}],"wp:term":[{"taxonomy":"product_brand","embeddable":true,"href":"https:\/\/ninja.encktemp.com.br\/speedbrindes\/wp-json\/wp\/v2\/product_brand?post=269173"},{"taxonomy":"product_cat","embeddable":true,"href":"https:\/\/ninja.encktemp.com.br\/speedbrindes\/wp-json\/wp\/v2\/product_cat?post=269173"},{"taxonomy":"product_tag","embeddable":true,"href":"https:\/\/ninja.encktemp.com.br\/speedbrindes\/wp-json\/wp\/v2\/product_tag?post=269173"}],"curies":[{"name":"wp","href":"https:\/\/api.w.org\/{rel}","templated":true}]}}