{"id":268273,"date":"2025-12-14T21:19:29","date_gmt":"2025-12-15T00:19:29","guid":{"rendered":"https:\/\/ninja.encktemp.com.br\/speedbrindes\/product\/caixa-de-som-bluetooth-tws\/"},"modified":"2025-12-28T05:29:29","modified_gmt":"2025-12-28T08:29:29","slug":"caixa-de-som-bluetooth-tws","status":"publish","type":"product","link":"https:\/\/ninja.encktemp.com.br\/speedbrindes\/product\/caixa-de-som-bluetooth-tws\/","title":{"rendered":"CAIXA DE SOM BLUETOOTH TWS"},"content":{"rendered":"<p>Caixa de som bluetooth com conectividade TWS, material pl\u00e1stico. A tecnologia TWS sincroniza duas caixas de som em uma s\u00f3, aumentando a pot\u00eancia sonora. Cont\u00e9m microfone embutido para atendimento de chamadas telef\u00f4nicas. Base de silicone antiderrapante. Acompanha cord\u00e3o de nylon e cabo USB-V8.<\/p>\n","protected":false},"excerpt":{"rendered":"<p>Caixa de som bluetooth com conectividade TWS, material pl\u00e1stico. A tecnologia TWS sincroniza duas caixas de som em uma s\u00f3, [&hellip;]<\/p>\n","protected":false},"featured_media":297433,"comment_status":"open","ping_status":"closed","template":"","meta":[],"product_brand":[2878],"product_cat":[2906],"product_tag":[],"class_list":{"0":"post-268273","1":"product","2":"type-product","3":"status-publish","4":"has-post-thumbnail","6":"product_brand-xbz","7":"product_cat-eletronicos-e-acessorios","9":"first","10":"instock","11":"shipping-taxable","12":"product-type-variable"},"_links":{"self":[{"href":"https:\/\/ninja.encktemp.com.br\/speedbrindes\/wp-json\/wp\/v2\/product\/268273","targetHints":{"allow":["GET"]}}],"collection":[{"href":"https:\/\/ninja.encktemp.com.br\/speedbrindes\/wp-json\/wp\/v2\/product"}],"about":[{"href":"https:\/\/ninja.encktemp.com.br\/speedbrindes\/wp-json\/wp\/v2\/types\/product"}],"replies":[{"embeddable":true,"href":"https:\/\/ninja.encktemp.com.br\/speedbrindes\/wp-json\/wp\/v2\/comments?post=268273"}],"wp:featuredmedia":[{"embeddable":true,"href":"https:\/\/ninja.encktemp.com.br\/speedbrindes\/wp-json\/wp\/v2\/media\/297433"}],"wp:attachment":[{"href":"https:\/\/ninja.encktemp.com.br\/speedbrindes\/wp-json\/wp\/v2\/media?parent=268273"}],"wp:term":[{"taxonomy":"product_brand","embeddable":true,"href":"https:\/\/ninja.encktemp.com.br\/speedbrindes\/wp-json\/wp\/v2\/product_brand?post=268273"},{"taxonomy":"product_cat","embeddable":true,"href":"https:\/\/ninja.encktemp.com.br\/speedbrindes\/wp-json\/wp\/v2\/product_cat?post=268273"},{"taxonomy":"product_tag","embeddable":true,"href":"https:\/\/ninja.encktemp.com.br\/speedbrindes\/wp-json\/wp\/v2\/product_tag?post=268273"}],"curies":[{"name":"wp","href":"https:\/\/api.w.org\/{rel}","templated":true}]}}