{"id":268085,"date":"2025-12-14T21:19:04","date_gmt":"2025-12-15T00:19:04","guid":{"rendered":"https:\/\/ninja.encktemp.com.br\/speedbrindes\/product\/garrafa-aluminio-500ml-tampa-bambu\/"},"modified":"2025-12-28T05:29:45","modified_gmt":"2025-12-28T08:29:45","slug":"garrafa-aluminio-500ml-tampa-bambu","status":"publish","type":"product","link":"https:\/\/ninja.encktemp.com.br\/speedbrindes\/product\/garrafa-aluminio-500ml-tampa-bambu\/","title":{"rendered":"GARRAFA ALUM\u00cdNIO 500ML TAMPA BAMBU"},"content":{"rendered":"<p>Garrafa de alum\u00ednio com capacidade de 500ml. Possui tampa de bambu e acompanha mosquet\u00e3o de alum\u00ednio.<\/p>\n","protected":false},"excerpt":{"rendered":"<p>Garrafa de alum\u00ednio com capacidade de 500ml. Possui tampa de bambu e acompanha mosquet\u00e3o de alum\u00ednio.<\/p>\n","protected":false},"featured_media":297497,"comment_status":"open","ping_status":"closed","template":"","meta":[],"product_brand":[2878],"product_cat":[2901],"product_tag":[],"class_list":{"0":"post-268085","1":"product","2":"type-product","3":"status-publish","4":"has-post-thumbnail","6":"product_brand-xbz","7":"product_cat-casa-e-cozinha","9":"first","10":"instock","11":"shipping-taxable","12":"purchasable","13":"product-type-variable"},"_links":{"self":[{"href":"https:\/\/ninja.encktemp.com.br\/speedbrindes\/wp-json\/wp\/v2\/product\/268085","targetHints":{"allow":["GET"]}}],"collection":[{"href":"https:\/\/ninja.encktemp.com.br\/speedbrindes\/wp-json\/wp\/v2\/product"}],"about":[{"href":"https:\/\/ninja.encktemp.com.br\/speedbrindes\/wp-json\/wp\/v2\/types\/product"}],"replies":[{"embeddable":true,"href":"https:\/\/ninja.encktemp.com.br\/speedbrindes\/wp-json\/wp\/v2\/comments?post=268085"}],"wp:featuredmedia":[{"embeddable":true,"href":"https:\/\/ninja.encktemp.com.br\/speedbrindes\/wp-json\/wp\/v2\/media\/297497"}],"wp:attachment":[{"href":"https:\/\/ninja.encktemp.com.br\/speedbrindes\/wp-json\/wp\/v2\/media?parent=268085"}],"wp:term":[{"taxonomy":"product_brand","embeddable":true,"href":"https:\/\/ninja.encktemp.com.br\/speedbrindes\/wp-json\/wp\/v2\/product_brand?post=268085"},{"taxonomy":"product_cat","embeddable":true,"href":"https:\/\/ninja.encktemp.com.br\/speedbrindes\/wp-json\/wp\/v2\/product_cat?post=268085"},{"taxonomy":"product_tag","embeddable":true,"href":"https:\/\/ninja.encktemp.com.br\/speedbrindes\/wp-json\/wp\/v2\/product_tag?post=268085"}],"curies":[{"name":"wp","href":"https:\/\/api.w.org\/{rel}","templated":true}]}}