{"id":266678,"date":"2025-12-14T21:15:38","date_gmt":"2025-12-15T00:15:38","guid":{"rendered":"https:\/\/ninja.encktemp.com.br\/speedbrindes\/product\/pasta-executiva-para-notebook-15-polegadas\/"},"modified":"2025-12-28T05:32:14","modified_gmt":"2025-12-28T08:32:14","slug":"pasta-executiva-para-notebook-15-polegadas","status":"publish","type":"product","link":"https:\/\/ninja.encktemp.com.br\/speedbrindes\/product\/pasta-executiva-para-notebook-15-polegadas\/","title":{"rendered":"PASTA EXECUTIVA PARA NOTEBOOK 15 POLEGADAS"},"content":{"rendered":"<p>Pasta executiva para notebook 15 polegadas. Confeccionada em poli\u00e9ster a pasta tem o compartimento principal com o interior aveludado para maior prote\u00e7\u00e3o do notebook, al\u00e9m de 6 compartimentos externos e uma al\u00e7a para encaixe em mala de viagem.<\/p>\n","protected":false},"excerpt":{"rendered":"<p>Pasta executiva para notebook 15 polegadas. Confeccionada em poli\u00e9ster a pasta tem o compartimento principal com o interior aveludado para [&hellip;]<\/p>\n","protected":false},"featured_media":298021,"comment_status":"open","ping_status":"closed","template":"","meta":[],"product_brand":[2878],"product_cat":[2905],"product_tag":[],"class_list":{"0":"post-266678","1":"product","2":"type-product","3":"status-publish","4":"has-post-thumbnail","6":"product_brand-xbz","7":"product_cat-bolsas-e-acessorios-de-viagem","9":"first","10":"instock","11":"shipping-taxable","12":"purchasable","13":"product-type-variable"},"_links":{"self":[{"href":"https:\/\/ninja.encktemp.com.br\/speedbrindes\/wp-json\/wp\/v2\/product\/266678","targetHints":{"allow":["GET"]}}],"collection":[{"href":"https:\/\/ninja.encktemp.com.br\/speedbrindes\/wp-json\/wp\/v2\/product"}],"about":[{"href":"https:\/\/ninja.encktemp.com.br\/speedbrindes\/wp-json\/wp\/v2\/types\/product"}],"replies":[{"embeddable":true,"href":"https:\/\/ninja.encktemp.com.br\/speedbrindes\/wp-json\/wp\/v2\/comments?post=266678"}],"wp:featuredmedia":[{"embeddable":true,"href":"https:\/\/ninja.encktemp.com.br\/speedbrindes\/wp-json\/wp\/v2\/media\/298021"}],"wp:attachment":[{"href":"https:\/\/ninja.encktemp.com.br\/speedbrindes\/wp-json\/wp\/v2\/media?parent=266678"}],"wp:term":[{"taxonomy":"product_brand","embeddable":true,"href":"https:\/\/ninja.encktemp.com.br\/speedbrindes\/wp-json\/wp\/v2\/product_brand?post=266678"},{"taxonomy":"product_cat","embeddable":true,"href":"https:\/\/ninja.encktemp.com.br\/speedbrindes\/wp-json\/wp\/v2\/product_cat?post=266678"},{"taxonomy":"product_tag","embeddable":true,"href":"https:\/\/ninja.encktemp.com.br\/speedbrindes\/wp-json\/wp\/v2\/product_tag?post=266678"}],"curies":[{"name":"wp","href":"https:\/\/api.w.org\/{rel}","templated":true}]}}