{"id":266634,"date":"2025-12-14T21:15:29","date_gmt":"2025-12-15T00:15:29","guid":{"rendered":"https:\/\/ninja.encktemp.com.br\/speedbrindes\/product\/bolsa-esportiva-de-poliester-29l\/"},"modified":"2026-04-08T03:35:48","modified_gmt":"2026-04-08T06:35:48","slug":"bolsa-esportiva-de-poliester-29l","status":"publish","type":"product","link":"https:\/\/ninja.encktemp.com.br\/speedbrindes\/product\/bolsa-esportiva-de-poliester-29l\/","title":{"rendered":"BOLSA ESPORTIVA DE POLI\u00c9STER 29L"},"content":{"rendered":"<p>Bolsa esportiva de 29 litros em poli\u00e9ster \u00e0 prova d\u00e1gua com quatro compartimentos, sendo dois deles exclusivos para t\u00eanis e itens molhados.  Cont\u00e9m bolso para encaixe em malas de viagem, bolso interno e acompanha al\u00e7a transversal.<\/p>\n","protected":false},"excerpt":{"rendered":"<p>Bolsa esportiva de 29 litros em poli\u00e9ster \u00e0 prova d\u00e1gua com quatro compartimentos, sendo dois deles exclusivos para t\u00eanis e [&hellip;]<\/p>\n","protected":false},"featured_media":298030,"comment_status":"open","ping_status":"closed","template":"","meta":[],"product_brand":[2878],"product_cat":[2897],"product_tag":[],"class_list":{"0":"post-266634","1":"product","2":"type-product","3":"status-publish","4":"has-post-thumbnail","6":"product_brand-xbz","7":"product_cat-mochilas-e-bolsas","9":"first","10":"instock","11":"shipping-taxable","12":"purchasable","13":"product-type-variable"},"_links":{"self":[{"href":"https:\/\/ninja.encktemp.com.br\/speedbrindes\/wp-json\/wp\/v2\/product\/266634","targetHints":{"allow":["GET"]}}],"collection":[{"href":"https:\/\/ninja.encktemp.com.br\/speedbrindes\/wp-json\/wp\/v2\/product"}],"about":[{"href":"https:\/\/ninja.encktemp.com.br\/speedbrindes\/wp-json\/wp\/v2\/types\/product"}],"replies":[{"embeddable":true,"href":"https:\/\/ninja.encktemp.com.br\/speedbrindes\/wp-json\/wp\/v2\/comments?post=266634"}],"wp:featuredmedia":[{"embeddable":true,"href":"https:\/\/ninja.encktemp.com.br\/speedbrindes\/wp-json\/wp\/v2\/media\/298030"}],"wp:attachment":[{"href":"https:\/\/ninja.encktemp.com.br\/speedbrindes\/wp-json\/wp\/v2\/media?parent=266634"}],"wp:term":[{"taxonomy":"product_brand","embeddable":true,"href":"https:\/\/ninja.encktemp.com.br\/speedbrindes\/wp-json\/wp\/v2\/product_brand?post=266634"},{"taxonomy":"product_cat","embeddable":true,"href":"https:\/\/ninja.encktemp.com.br\/speedbrindes\/wp-json\/wp\/v2\/product_cat?post=266634"},{"taxonomy":"product_tag","embeddable":true,"href":"https:\/\/ninja.encktemp.com.br\/speedbrindes\/wp-json\/wp\/v2\/product_tag?post=266634"}],"curies":[{"name":"wp","href":"https:\/\/api.w.org\/{rel}","templated":true}]}}