{"id":266549,"date":"2025-12-14T21:15:22","date_gmt":"2025-12-15T00:15:22","guid":{"rendered":"https:\/\/ninja.encktemp.com.br\/speedbrindes\/product\/sacola-kraft-pequena\/"},"modified":"2025-12-28T05:32:21","modified_gmt":"2025-12-28T08:32:21","slug":"sacola-kraft-pequena","status":"publish","type":"product","link":"https:\/\/ninja.encktemp.com.br\/speedbrindes\/product\/sacola-kraft-pequena\/","title":{"rendered":"SACOLA KRAFT PEQUENA"},"content":{"rendered":"<p>Sacola em papel kraft com al\u00e7a de papel.  OBS.: PEDIDO M\u00cdNIMO E M\u00daLTIPLO DE 10!<\/p>\n","protected":false},"excerpt":{"rendered":"<p>Sacola em papel kraft com al\u00e7a de papel. OBS.: PEDIDO M\u00cdNIMO E M\u00daLTIPLO DE 10!<\/p>\n","protected":false},"featured_media":298063,"comment_status":"open","ping_status":"closed","template":"","meta":[],"product_brand":[2878],"product_cat":[975,2734,2898,2991],"product_tag":[],"class_list":{"0":"post-266549","1":"product","2":"type-product","3":"status-publish","4":"has-post-thumbnail","6":"product_brand-xbz","7":"product_cat-sacolas-bolsas-termicas","8":"product_cat-sacolas","9":"product_cat-sacolas-ecologicas","10":"product_cat-bolsas-e-sacolas","12":"first","13":"instock","14":"shipping-taxable","15":"purchasable","16":"product-type-variable"},"_links":{"self":[{"href":"https:\/\/ninja.encktemp.com.br\/speedbrindes\/wp-json\/wp\/v2\/product\/266549","targetHints":{"allow":["GET"]}}],"collection":[{"href":"https:\/\/ninja.encktemp.com.br\/speedbrindes\/wp-json\/wp\/v2\/product"}],"about":[{"href":"https:\/\/ninja.encktemp.com.br\/speedbrindes\/wp-json\/wp\/v2\/types\/product"}],"replies":[{"embeddable":true,"href":"https:\/\/ninja.encktemp.com.br\/speedbrindes\/wp-json\/wp\/v2\/comments?post=266549"}],"wp:featuredmedia":[{"embeddable":true,"href":"https:\/\/ninja.encktemp.com.br\/speedbrindes\/wp-json\/wp\/v2\/media\/298063"}],"wp:attachment":[{"href":"https:\/\/ninja.encktemp.com.br\/speedbrindes\/wp-json\/wp\/v2\/media?parent=266549"}],"wp:term":[{"taxonomy":"product_brand","embeddable":true,"href":"https:\/\/ninja.encktemp.com.br\/speedbrindes\/wp-json\/wp\/v2\/product_brand?post=266549"},{"taxonomy":"product_cat","embeddable":true,"href":"https:\/\/ninja.encktemp.com.br\/speedbrindes\/wp-json\/wp\/v2\/product_cat?post=266549"},{"taxonomy":"product_tag","embeddable":true,"href":"https:\/\/ninja.encktemp.com.br\/speedbrindes\/wp-json\/wp\/v2\/product_tag?post=266549"}],"curies":[{"name":"wp","href":"https:\/\/api.w.org\/{rel}","templated":true}]}}