{"id":266133,"date":"2025-12-14T21:14:24","date_gmt":"2025-12-15T00:14:24","guid":{"rendered":"https:\/\/ninja.encktemp.com.br\/speedbrindes\/product\/caixinha-de-som-bambu\/"},"modified":"2025-12-28T05:33:00","modified_gmt":"2025-12-28T08:33:00","slug":"caixinha-de-som-bambu","status":"publish","type":"product","link":"https:\/\/ninja.encktemp.com.br\/speedbrindes\/product\/caixinha-de-som-bambu\/","title":{"rendered":"CAIXINHA DE SOM BAMBU"},"content":{"rendered":"<p>Caixa de som multim\u00eddia com Bluetooth e entrada para cart\u00e3o TF. Material pl\u00e1stico com acabamento em bambu, possui a parte inferior com detalhes em relevo de algumas fun\u00e7\u00f5es: bot\u00e3o Off\/On entrada para cart\u00e3o MicroSD. Parte inferior com detalhe emborrachado anti-deslizante, acompanha cabo USB<\/p>\n","protected":false},"excerpt":{"rendered":"<p>Caixa de som multim\u00eddia com Bluetooth e entrada para cart\u00e3o TF. Material pl\u00e1stico com acabamento em bambu, possui a parte [&hellip;]<\/p>\n","protected":false},"featured_media":302749,"comment_status":"open","ping_status":"closed","template":"","meta":[],"product_brand":[2878],"product_cat":[2713],"product_tag":[],"class_list":{"0":"post-266133","1":"product","2":"type-product","3":"status-publish","4":"has-post-thumbnail","6":"product_brand-xbz","7":"product_cat-2713","9":"first","10":"instock","11":"shipping-taxable","12":"purchasable","13":"product-type-variable"},"_links":{"self":[{"href":"https:\/\/ninja.encktemp.com.br\/speedbrindes\/wp-json\/wp\/v2\/product\/266133","targetHints":{"allow":["GET"]}}],"collection":[{"href":"https:\/\/ninja.encktemp.com.br\/speedbrindes\/wp-json\/wp\/v2\/product"}],"about":[{"href":"https:\/\/ninja.encktemp.com.br\/speedbrindes\/wp-json\/wp\/v2\/types\/product"}],"replies":[{"embeddable":true,"href":"https:\/\/ninja.encktemp.com.br\/speedbrindes\/wp-json\/wp\/v2\/comments?post=266133"}],"wp:featuredmedia":[{"embeddable":true,"href":"https:\/\/ninja.encktemp.com.br\/speedbrindes\/wp-json\/wp\/v2\/media\/302749"}],"wp:attachment":[{"href":"https:\/\/ninja.encktemp.com.br\/speedbrindes\/wp-json\/wp\/v2\/media?parent=266133"}],"wp:term":[{"taxonomy":"product_brand","embeddable":true,"href":"https:\/\/ninja.encktemp.com.br\/speedbrindes\/wp-json\/wp\/v2\/product_brand?post=266133"},{"taxonomy":"product_cat","embeddable":true,"href":"https:\/\/ninja.encktemp.com.br\/speedbrindes\/wp-json\/wp\/v2\/product_cat?post=266133"},{"taxonomy":"product_tag","embeddable":true,"href":"https:\/\/ninja.encktemp.com.br\/speedbrindes\/wp-json\/wp\/v2\/product_tag?post=266133"}],"curies":[{"name":"wp","href":"https:\/\/api.w.org\/{rel}","templated":true}]}}