{"id":265289,"date":"2025-12-14T21:12:13","date_gmt":"2025-12-15T00:12:13","guid":{"rendered":"https:\/\/ninja.encktemp.com.br\/speedbrindes\/product\/massageador-e-limpador-facial\/"},"modified":"2026-04-19T09:27:59","modified_gmt":"2026-04-19T12:27:59","slug":"massageador-e-limpador-facial","status":"publish","type":"product","link":"https:\/\/ninja.encktemp.com.br\/speedbrindes\/product\/massageador-e-limpador-facial\/","title":{"rendered":"MASSAGEADOR E LIMPADOR FACIAL"},"content":{"rendered":"","protected":false},"excerpt":{"rendered":"<p>Massageador facial produzido em silicone resistente a \u00e1gua, a escova possui cerdas macias que limpam e massageiam a face. Sua parte frontal possui um bot\u00e3o de acionamento, al\u00e9m de dois bot\u00f5es para altera\u00e7\u00e3o entre os 6 modos de intensidade. A limpeza da face atrav\u00e9s do uso do produto, limpa profundamente os poros melhorando v\u00e1rios aspectos da pele,  aumentando o fluxo sangu\u00edneo, prevenindo contra rugas e outras impurezas na pele.  O produto possui bateria recarreg\u00e1vel com Voltagem de 3.7V e Pot\u00eancia de 0.25W. Acompanha cabo USB.<\/p>\n","protected":false},"featured_media":298457,"comment_status":"open","ping_status":"closed","template":"","meta":[],"product_brand":[2878],"product_cat":[2904],"product_tag":[],"class_list":{"0":"post-265289","1":"product","2":"type-product","3":"status-publish","4":"has-post-thumbnail","6":"product_brand-xbz","7":"product_cat-cuidados-pessoais","9":"first","10":"instock","11":"shipping-taxable","12":"purchasable","13":"product-type-variable"},"_links":{"self":[{"href":"https:\/\/ninja.encktemp.com.br\/speedbrindes\/wp-json\/wp\/v2\/product\/265289","targetHints":{"allow":["GET"]}}],"collection":[{"href":"https:\/\/ninja.encktemp.com.br\/speedbrindes\/wp-json\/wp\/v2\/product"}],"about":[{"href":"https:\/\/ninja.encktemp.com.br\/speedbrindes\/wp-json\/wp\/v2\/types\/product"}],"replies":[{"embeddable":true,"href":"https:\/\/ninja.encktemp.com.br\/speedbrindes\/wp-json\/wp\/v2\/comments?post=265289"}],"wp:featuredmedia":[{"embeddable":true,"href":"https:\/\/ninja.encktemp.com.br\/speedbrindes\/wp-json\/wp\/v2\/media\/298457"}],"wp:attachment":[{"href":"https:\/\/ninja.encktemp.com.br\/speedbrindes\/wp-json\/wp\/v2\/media?parent=265289"}],"wp:term":[{"taxonomy":"product_brand","embeddable":true,"href":"https:\/\/ninja.encktemp.com.br\/speedbrindes\/wp-json\/wp\/v2\/product_brand?post=265289"},{"taxonomy":"product_cat","embeddable":true,"href":"https:\/\/ninja.encktemp.com.br\/speedbrindes\/wp-json\/wp\/v2\/product_cat?post=265289"},{"taxonomy":"product_tag","embeddable":true,"href":"https:\/\/ninja.encktemp.com.br\/speedbrindes\/wp-json\/wp\/v2\/product_tag?post=265289"}],"curies":[{"name":"wp","href":"https:\/\/api.w.org\/{rel}","templated":true}]}}