{"id":264161,"date":"2025-12-14T21:09:39","date_gmt":"2025-12-15T00:09:39","guid":{"rendered":"https:\/\/ninja.encktemp.com.br\/speedbrindes\/product\/garrafa-termica-450-ml-c-trava\/"},"modified":"2025-12-28T05:36:02","modified_gmt":"2025-12-28T08:36:02","slug":"garrafa-termica-450-ml-c-trava","status":"publish","type":"product","link":"https:\/\/ninja.encktemp.com.br\/speedbrindes\/product\/garrafa-termica-450-ml-c-trava\/","title":{"rendered":"GARRAFA T\u00c9RMICA 450 ML C\/ TRAVA"},"content":{"rendered":"<p>Garrafa t\u00e9rmica de 450ml de inox colorida com bot\u00e3o de abertura prata. Possui um sistema de trava com desenho indicativo de cadeados(aberto e fechado), ao levantar o bot\u00e3o pequeno basta pressionar o bot\u00e3o central maior para abrir a tampa(possui na parte interna borracha protetora evitando vazar o l\u00edquido). Para abrir a tampa por completo basta rosque\u00e1-la, parte interna revestida em inox.<\/p>\n","protected":false},"excerpt":{"rendered":"<p>Garrafa t\u00e9rmica de 450ml de inox colorida com bot\u00e3o de abertura prata. Possui um sistema de trava com desenho indicativo [&hellip;]<\/p>\n","protected":false},"featured_media":298842,"comment_status":"open","ping_status":"closed","template":"","meta":[],"product_brand":[2878],"product_cat":[2901],"product_tag":[],"class_list":{"0":"post-264161","1":"product","2":"type-product","3":"status-publish","4":"has-post-thumbnail","6":"product_brand-xbz","7":"product_cat-casa-e-cozinha","9":"first","10":"instock","11":"shipping-taxable","12":"purchasable","13":"product-type-variable"},"_links":{"self":[{"href":"https:\/\/ninja.encktemp.com.br\/speedbrindes\/wp-json\/wp\/v2\/product\/264161","targetHints":{"allow":["GET"]}}],"collection":[{"href":"https:\/\/ninja.encktemp.com.br\/speedbrindes\/wp-json\/wp\/v2\/product"}],"about":[{"href":"https:\/\/ninja.encktemp.com.br\/speedbrindes\/wp-json\/wp\/v2\/types\/product"}],"replies":[{"embeddable":true,"href":"https:\/\/ninja.encktemp.com.br\/speedbrindes\/wp-json\/wp\/v2\/comments?post=264161"}],"wp:featuredmedia":[{"embeddable":true,"href":"https:\/\/ninja.encktemp.com.br\/speedbrindes\/wp-json\/wp\/v2\/media\/298842"}],"wp:attachment":[{"href":"https:\/\/ninja.encktemp.com.br\/speedbrindes\/wp-json\/wp\/v2\/media?parent=264161"}],"wp:term":[{"taxonomy":"product_brand","embeddable":true,"href":"https:\/\/ninja.encktemp.com.br\/speedbrindes\/wp-json\/wp\/v2\/product_brand?post=264161"},{"taxonomy":"product_cat","embeddable":true,"href":"https:\/\/ninja.encktemp.com.br\/speedbrindes\/wp-json\/wp\/v2\/product_cat?post=264161"},{"taxonomy":"product_tag","embeddable":true,"href":"https:\/\/ninja.encktemp.com.br\/speedbrindes\/wp-json\/wp\/v2\/product_tag?post=264161"}],"curies":[{"name":"wp","href":"https:\/\/api.w.org\/{rel}","templated":true}]}}