{"id":264149,"date":"2025-12-14T21:09:37","date_gmt":"2025-12-15T00:09:37","guid":{"rendered":"https:\/\/ninja.encktemp.com.br\/speedbrindes\/product\/estojo-de-bidins-p-vinho\/"},"modified":"2026-04-12T00:37:30","modified_gmt":"2026-04-12T03:37:30","slug":"estojo-de-bidins-p-vinho","status":"publish","type":"product","link":"https:\/\/ninja.encktemp.com.br\/speedbrindes\/product\/estojo-de-bidins-p-vinho\/","title":{"rendered":"ESTOJO DE BIDINS P\/ VINHO"},"content":{"rendered":"","protected":false},"excerpt":{"rendered":"<p>Estojo porta vinho em couro sint\u00e9tico bidim, cont\u00e9m duas al\u00e7as met\u00e1licas e bot\u00e3o para lacre.<\/p>\n<p><strong>Altura:<\/strong> 43 cm<br \/>\n<strong>Largura:<\/strong> 9.7 cm<br \/>\n<strong>Comprimento:<\/strong> 38 cm<br \/>\n<strong>Peso aproximado (g):<\/strong> 150<\/p>\n","protected":false},"featured_media":298846,"comment_status":"open","ping_status":"closed","template":"","meta":[],"product_brand":[2878],"product_cat":[1174,2902],"product_tag":[],"class_list":{"0":"post-264149","1":"product","2":"type-product","3":"status-publish","4":"has-post-thumbnail","6":"product_brand-xbz","7":"product_cat-estojos","8":"product_cat-escritorio-e-papelaria","10":"first","11":"instock","12":"shipping-taxable","13":"purchasable","14":"product-type-variable"},"_links":{"self":[{"href":"https:\/\/ninja.encktemp.com.br\/speedbrindes\/wp-json\/wp\/v2\/product\/264149","targetHints":{"allow":["GET"]}}],"collection":[{"href":"https:\/\/ninja.encktemp.com.br\/speedbrindes\/wp-json\/wp\/v2\/product"}],"about":[{"href":"https:\/\/ninja.encktemp.com.br\/speedbrindes\/wp-json\/wp\/v2\/types\/product"}],"replies":[{"embeddable":true,"href":"https:\/\/ninja.encktemp.com.br\/speedbrindes\/wp-json\/wp\/v2\/comments?post=264149"}],"wp:featuredmedia":[{"embeddable":true,"href":"https:\/\/ninja.encktemp.com.br\/speedbrindes\/wp-json\/wp\/v2\/media\/298846"}],"wp:attachment":[{"href":"https:\/\/ninja.encktemp.com.br\/speedbrindes\/wp-json\/wp\/v2\/media?parent=264149"}],"wp:term":[{"taxonomy":"product_brand","embeddable":true,"href":"https:\/\/ninja.encktemp.com.br\/speedbrindes\/wp-json\/wp\/v2\/product_brand?post=264149"},{"taxonomy":"product_cat","embeddable":true,"href":"https:\/\/ninja.encktemp.com.br\/speedbrindes\/wp-json\/wp\/v2\/product_cat?post=264149"},{"taxonomy":"product_tag","embeddable":true,"href":"https:\/\/ninja.encktemp.com.br\/speedbrindes\/wp-json\/wp\/v2\/product_tag?post=264149"}],"curies":[{"name":"wp","href":"https:\/\/api.w.org\/{rel}","templated":true}]}}