{"id":263590,"date":"2025-12-14T21:08:18","date_gmt":"2025-12-15T00:08:18","guid":{"rendered":"https:\/\/ninja.encktemp.com.br\/speedbrindes\/product\/pasta-plastica-zip-zap\/"},"modified":"2025-12-28T05:36:59","modified_gmt":"2025-12-28T08:36:59","slug":"pasta-plastica-zip-zap","status":"publish","type":"product","link":"https:\/\/ninja.encktemp.com.br\/speedbrindes\/product\/pasta-plastica-zip-zap\/","title":{"rendered":"PASTA PL\u00c1STICA ZIP ZAP"},"content":{"rendered":"<p>Pasta de pvc cristal transparente com fechamento zip zap. OBS.: Para prolongar a vida \u00fatil do material pvc, atente-se as condi\u00e7\u00f5es ideais de armazenamento: mantenha o material em local seco e arejado, livre da exposi\u00e7\u00e3o ao sol e altas temperaturas.<\/p>\n","protected":false},"excerpt":{"rendered":"<p>Pasta de pvc cristal transparente com fechamento zip zap. OBS.: Para prolongar a vida \u00fatil do material pvc, atente-se as [&hellip;]<\/p>\n","protected":false},"featured_media":298988,"comment_status":"open","ping_status":"closed","template":"","meta":[],"product_brand":[2878],"product_cat":[2905],"product_tag":[],"class_list":{"0":"post-263590","1":"product","2":"type-product","3":"status-publish","4":"has-post-thumbnail","6":"product_brand-xbz","7":"product_cat-bolsas-e-acessorios-de-viagem","9":"first","10":"instock","11":"shipping-taxable","12":"purchasable","13":"product-type-variable"},"_links":{"self":[{"href":"https:\/\/ninja.encktemp.com.br\/speedbrindes\/wp-json\/wp\/v2\/product\/263590","targetHints":{"allow":["GET"]}}],"collection":[{"href":"https:\/\/ninja.encktemp.com.br\/speedbrindes\/wp-json\/wp\/v2\/product"}],"about":[{"href":"https:\/\/ninja.encktemp.com.br\/speedbrindes\/wp-json\/wp\/v2\/types\/product"}],"replies":[{"embeddable":true,"href":"https:\/\/ninja.encktemp.com.br\/speedbrindes\/wp-json\/wp\/v2\/comments?post=263590"}],"wp:featuredmedia":[{"embeddable":true,"href":"https:\/\/ninja.encktemp.com.br\/speedbrindes\/wp-json\/wp\/v2\/media\/298988"}],"wp:attachment":[{"href":"https:\/\/ninja.encktemp.com.br\/speedbrindes\/wp-json\/wp\/v2\/media?parent=263590"}],"wp:term":[{"taxonomy":"product_brand","embeddable":true,"href":"https:\/\/ninja.encktemp.com.br\/speedbrindes\/wp-json\/wp\/v2\/product_brand?post=263590"},{"taxonomy":"product_cat","embeddable":true,"href":"https:\/\/ninja.encktemp.com.br\/speedbrindes\/wp-json\/wp\/v2\/product_cat?post=263590"},{"taxonomy":"product_tag","embeddable":true,"href":"https:\/\/ninja.encktemp.com.br\/speedbrindes\/wp-json\/wp\/v2\/product_tag?post=263590"}],"curies":[{"name":"wp","href":"https:\/\/api.w.org\/{rel}","templated":true}]}}