{"id":239768,"date":"2025-12-12T10:52:12","date_gmt":"2025-12-12T13:52:12","guid":{"rendered":"https:\/\/ninja.encktemp.com.br\/speedbrindes\/product\/kit-escritorio-a5-capa-em-couro-reciclado-e-caneta-metalica\/"},"modified":"2026-04-10T06:17:26","modified_gmt":"2026-04-10T09:17:26","slug":"kit-escritorio-a5-capa-em-couro-reciclado-e-caneta-metalica","status":"publish","type":"product","link":"https:\/\/ninja.encktemp.com.br\/speedbrindes\/product\/kit-escritorio-a5-capa-em-couro-reciclado-e-caneta-metalica\/","title":{"rendered":"Kit Escrit\u00f3rio A5 Capa em Couro Reciclado e Caneta Metalica"},"content":{"rendered":"","protected":false},"excerpt":{"rendered":"<p>Kit caderno de anota\u00e7\u00f5es e caneta. O kit acompanha a caneta, e sua embalagem \u00e9 present\u00e1vel. O caderno de anota\u00e7\u00f5es \u00e9 feito de material recicl\u00e1vel, em capa dura com miolo 80 folhas pautadas na cor bege.<br \/><strong>Dimens\u00e3o do Caderno:<\/strong> (21,3&#215;14,5cm)  (AxLxP)<br \/><strong>Dimens\u00e3o da Caneta:<\/strong> (14,5x\u00f81,2cm) (Ax\u00f8D)<br \/><strong>Peso do Caderno:<\/strong> (0,245kg)<br \/><strong>Peso da Caneta:<\/strong> (0,028kg)<br \/><strong>Quant. por Caixa:<\/strong> 30p\u00e7s<br \/><strong>Embalagem:<\/strong> Saco Pl\u00e1stico<br \/><strong>Dimens\u00e3o da Caixa:<\/strong> 43x32x27cm<br \/><strong>Peso da Caixa:<\/strong> 10.8kg<br \/><strong>NCM:<\/strong> 4820.20.00<\/p>\n","protected":false},"featured_media":367596,"comment_status":"open","ping_status":"closed","template":"","meta":[],"product_brand":[2877],"product_cat":[447,2737,2738,3712,3716],"product_tag":[2736,2740,3710],"class_list":{"0":"post-239768","1":"product","2":"type-product","3":"status-publish","4":"has-post-thumbnail","6":"product_brand-asia-imports","7":"product_cat-escritorio","8":"product_cat-kit-escritorio","9":"product_cat-cadernos","10":"product_cat-caderno-c-caneta","11":"product_cat-conjuntos-escritorio","12":"product_tag-reposicao","13":"product_tag-com-pauta","14":"product_tag-cadernos-a5","16":"first","17":"instock","18":"shipping-taxable","19":"purchasable","20":"product-type-variable"},"_links":{"self":[{"href":"https:\/\/ninja.encktemp.com.br\/speedbrindes\/wp-json\/wp\/v2\/product\/239768","targetHints":{"allow":["GET"]}}],"collection":[{"href":"https:\/\/ninja.encktemp.com.br\/speedbrindes\/wp-json\/wp\/v2\/product"}],"about":[{"href":"https:\/\/ninja.encktemp.com.br\/speedbrindes\/wp-json\/wp\/v2\/types\/product"}],"replies":[{"embeddable":true,"href":"https:\/\/ninja.encktemp.com.br\/speedbrindes\/wp-json\/wp\/v2\/comments?post=239768"}],"wp:featuredmedia":[{"embeddable":true,"href":"https:\/\/ninja.encktemp.com.br\/speedbrindes\/wp-json\/wp\/v2\/media\/367596"}],"wp:attachment":[{"href":"https:\/\/ninja.encktemp.com.br\/speedbrindes\/wp-json\/wp\/v2\/media?parent=239768"}],"wp:term":[{"taxonomy":"product_brand","embeddable":true,"href":"https:\/\/ninja.encktemp.com.br\/speedbrindes\/wp-json\/wp\/v2\/product_brand?post=239768"},{"taxonomy":"product_cat","embeddable":true,"href":"https:\/\/ninja.encktemp.com.br\/speedbrindes\/wp-json\/wp\/v2\/product_cat?post=239768"},{"taxonomy":"product_tag","embeddable":true,"href":"https:\/\/ninja.encktemp.com.br\/speedbrindes\/wp-json\/wp\/v2\/product_tag?post=239768"}],"curies":[{"name":"wp","href":"https:\/\/api.w.org\/{rel}","templated":true}]}}