{"id":239680,"date":"2025-12-12T10:50:07","date_gmt":"2025-12-12T13:50:07","guid":{"rendered":"https:\/\/ninja.encktemp.com.br\/speedbrindes\/product\/garrafa-termica-24\/"},"modified":"2025-12-12T11:48:17","modified_gmt":"2025-12-12T14:48:17","slug":"garrafa-termica-24","status":"publish","type":"product","link":"https:\/\/ninja.encktemp.com.br\/speedbrindes\/product\/garrafa-termica-24\/","title":{"rendered":"Garrafa T\u00e9rmica"},"content":{"rendered":"<p>Garrafa t\u00e9rmica em a\u00e7o inox com parede dupla isolada a v\u00e1cuo e com capacidade de at\u00e9 900ml. Tampa rosque\u00e1vel com anel de silicone para veda\u00e7\u00e3o. Al\u00e7a de transporte em pl\u00e1stico. Permite-se hidratar pelo bico, com canudo. Conta com uma pintura a p\u00f3.<\/p>\n<p>Conserva l\u00edquidos : \u2600\ufe0f8 horas \u2744\ufe0f12 horas<\/p>\n","protected":false},"excerpt":{"rendered":"<p>Garrafa t\u00e9rmica em a\u00e7o inox com parede dupla isolada a v\u00e1cuo e com capacidade de at\u00e9 900ml. Tampa rosque\u00e1vel com [&hellip;]<\/p>\n","protected":false},"featured_media":170084,"comment_status":"open","ping_status":"closed","template":"","meta":[],"product_brand":[2877],"product_cat":[982,2751,2769],"product_tag":[],"class_list":{"0":"post-239680","1":"product","2":"type-product","3":"status-publish","4":"has-post-thumbnail","6":"product_brand-asia-imports","7":"product_cat-garrafas","8":"product_cat-canecas-garrafas","9":"product_cat-termica","11":"first","12":"instock","13":"shipping-taxable","14":"purchasable","15":"product-type-variable"},"_links":{"self":[{"href":"https:\/\/ninja.encktemp.com.br\/speedbrindes\/wp-json\/wp\/v2\/product\/239680","targetHints":{"allow":["GET"]}}],"collection":[{"href":"https:\/\/ninja.encktemp.com.br\/speedbrindes\/wp-json\/wp\/v2\/product"}],"about":[{"href":"https:\/\/ninja.encktemp.com.br\/speedbrindes\/wp-json\/wp\/v2\/types\/product"}],"replies":[{"embeddable":true,"href":"https:\/\/ninja.encktemp.com.br\/speedbrindes\/wp-json\/wp\/v2\/comments?post=239680"}],"wp:featuredmedia":[{"embeddable":true,"href":"https:\/\/ninja.encktemp.com.br\/speedbrindes\/wp-json\/wp\/v2\/media\/170084"}],"wp:attachment":[{"href":"https:\/\/ninja.encktemp.com.br\/speedbrindes\/wp-json\/wp\/v2\/media?parent=239680"}],"wp:term":[{"taxonomy":"product_brand","embeddable":true,"href":"https:\/\/ninja.encktemp.com.br\/speedbrindes\/wp-json\/wp\/v2\/product_brand?post=239680"},{"taxonomy":"product_cat","embeddable":true,"href":"https:\/\/ninja.encktemp.com.br\/speedbrindes\/wp-json\/wp\/v2\/product_cat?post=239680"},{"taxonomy":"product_tag","embeddable":true,"href":"https:\/\/ninja.encktemp.com.br\/speedbrindes\/wp-json\/wp\/v2\/product_tag?post=239680"}],"curies":[{"name":"wp","href":"https:\/\/api.w.org\/{rel}","templated":true}]}}