{"id":239630,"date":"2025-12-12T10:49:17","date_gmt":"2025-12-12T13:49:17","guid":{"rendered":"https:\/\/ninja.encktemp.com.br\/speedbrindes\/product\/garrafa-termica-20\/"},"modified":"2025-12-12T11:48:08","modified_gmt":"2025-12-12T14:48:08","slug":"garrafa-termica-20","status":"publish","type":"product","link":"https:\/\/ninja.encktemp.com.br\/speedbrindes\/product\/garrafa-termica-20\/","title":{"rendered":"Garrafa T\u00e9rmica"},"content":{"rendered":"<p>Garrafa t\u00e9rmica em a\u00e7o inox brilhoso com parede dupla isolada a v\u00e1cuo, com capacidade de at\u00e9 550ml. Al\u00e7a de transporte em corda. Tampa pl\u00e1stica rosque\u00e1vel com anel de silicone para veda\u00e7\u00e3o.<\/p>\n<p>Conserva l\u00edquidos : \u2600\ufe0f8 horas \u2744\ufe0f12 horas<\/p>\n<p>&nbsp;<\/p>\n","protected":false},"excerpt":{"rendered":"<p>Garrafa t\u00e9rmica em a\u00e7o inox brilhoso com parede dupla isolada a v\u00e1cuo, com capacidade de at\u00e9 550ml. Al\u00e7a de transporte [&hellip;]<\/p>\n","protected":false},"featured_media":170054,"comment_status":"open","ping_status":"closed","template":"","meta":[],"product_brand":[2877],"product_cat":[2751,982,2769],"product_tag":[],"class_list":{"0":"post-239630","1":"product","2":"type-product","3":"status-publish","4":"has-post-thumbnail","6":"product_brand-asia-imports","7":"product_cat-canecas-garrafas","8":"product_cat-garrafas","9":"product_cat-termica","11":"first","12":"instock","13":"shipping-taxable","14":"product-type-variable"},"_links":{"self":[{"href":"https:\/\/ninja.encktemp.com.br\/speedbrindes\/wp-json\/wp\/v2\/product\/239630","targetHints":{"allow":["GET"]}}],"collection":[{"href":"https:\/\/ninja.encktemp.com.br\/speedbrindes\/wp-json\/wp\/v2\/product"}],"about":[{"href":"https:\/\/ninja.encktemp.com.br\/speedbrindes\/wp-json\/wp\/v2\/types\/product"}],"replies":[{"embeddable":true,"href":"https:\/\/ninja.encktemp.com.br\/speedbrindes\/wp-json\/wp\/v2\/comments?post=239630"}],"wp:featuredmedia":[{"embeddable":true,"href":"https:\/\/ninja.encktemp.com.br\/speedbrindes\/wp-json\/wp\/v2\/media\/170054"}],"wp:attachment":[{"href":"https:\/\/ninja.encktemp.com.br\/speedbrindes\/wp-json\/wp\/v2\/media?parent=239630"}],"wp:term":[{"taxonomy":"product_brand","embeddable":true,"href":"https:\/\/ninja.encktemp.com.br\/speedbrindes\/wp-json\/wp\/v2\/product_brand?post=239630"},{"taxonomy":"product_cat","embeddable":true,"href":"https:\/\/ninja.encktemp.com.br\/speedbrindes\/wp-json\/wp\/v2\/product_cat?post=239630"},{"taxonomy":"product_tag","embeddable":true,"href":"https:\/\/ninja.encktemp.com.br\/speedbrindes\/wp-json\/wp\/v2\/product_tag?post=239630"}],"curies":[{"name":"wp","href":"https:\/\/api.w.org\/{rel}","templated":true}]}}