{"id":239575,"date":"2025-12-12T10:48:22","date_gmt":"2025-12-12T13:48:22","guid":{"rendered":"https:\/\/ninja.encktemp.com.br\/speedbrindes\/product\/garrafa-termica-15\/"},"modified":"2025-12-30T06:02:45","modified_gmt":"2025-12-30T09:02:45","slug":"garrafa-termica-15","status":"publish","type":"product","link":"https:\/\/ninja.encktemp.com.br\/speedbrindes\/product\/garrafa-termica-15\/","title":{"rendered":"Garrafa T\u00e9rmica"},"content":{"rendered":"<p>Garrafa T\u00e9rmica de Pl\u00e1stico PP (exterior) com parede dupla de ampola de vidro (interior), com capacidade de at\u00e9 1l. Al\u00e7a de transporte lateral em madeira. Tampa rosque\u00e1vel em pl\u00e1stico com anel de silicone para veda\u00e7\u00e3o. Conta com um sistema corta-pingo.<\/p>\n<p>Conserva l\u00edquidos : \u2600\ufe0f12 horas \u2744\ufe0f24 horas<\/p>\n","protected":false},"excerpt":{"rendered":"<p>Garrafa T\u00e9rmica de Pl\u00e1stico PP (exterior) com parede dupla de ampola de vidro (interior), com capacidade de at\u00e9 1l. Al\u00e7a [&hellip;]<\/p>\n","protected":false},"featured_media":170017,"comment_status":"open","ping_status":"closed","template":"","meta":[],"product_brand":[2877],"product_cat":[2775,2751,982,2769],"product_tag":[2743,2742],"class_list":{"0":"post-239575","1":"product","2":"type-product","3":"status-publish","4":"has-post-thumbnail","6":"product_brand-asia-imports","7":"product_cat-bule","8":"product_cat-canecas-garrafas","9":"product_cat-garrafas","10":"product_cat-termica","11":"product_tag-ofertas","12":"product_tag-promocao","14":"first","15":"instock","16":"shipping-taxable","17":"product-type-variable"},"_links":{"self":[{"href":"https:\/\/ninja.encktemp.com.br\/speedbrindes\/wp-json\/wp\/v2\/product\/239575","targetHints":{"allow":["GET"]}}],"collection":[{"href":"https:\/\/ninja.encktemp.com.br\/speedbrindes\/wp-json\/wp\/v2\/product"}],"about":[{"href":"https:\/\/ninja.encktemp.com.br\/speedbrindes\/wp-json\/wp\/v2\/types\/product"}],"replies":[{"embeddable":true,"href":"https:\/\/ninja.encktemp.com.br\/speedbrindes\/wp-json\/wp\/v2\/comments?post=239575"}],"wp:featuredmedia":[{"embeddable":true,"href":"https:\/\/ninja.encktemp.com.br\/speedbrindes\/wp-json\/wp\/v2\/media\/170017"}],"wp:attachment":[{"href":"https:\/\/ninja.encktemp.com.br\/speedbrindes\/wp-json\/wp\/v2\/media?parent=239575"}],"wp:term":[{"taxonomy":"product_brand","embeddable":true,"href":"https:\/\/ninja.encktemp.com.br\/speedbrindes\/wp-json\/wp\/v2\/product_brand?post=239575"},{"taxonomy":"product_cat","embeddable":true,"href":"https:\/\/ninja.encktemp.com.br\/speedbrindes\/wp-json\/wp\/v2\/product_cat?post=239575"},{"taxonomy":"product_tag","embeddable":true,"href":"https:\/\/ninja.encktemp.com.br\/speedbrindes\/wp-json\/wp\/v2\/product_tag?post=239575"}],"curies":[{"name":"wp","href":"https:\/\/api.w.org\/{rel}","templated":true}]}}