{"id":239277,"date":"2025-12-12T10:42:33","date_gmt":"2025-12-12T13:42:33","guid":{"rendered":"https:\/\/ninja.encktemp.com.br\/speedbrindes\/product\/garrafa-em-aluminio-reciclado-3\/"},"modified":"2025-12-12T11:46:59","modified_gmt":"2025-12-12T14:46:59","slug":"garrafa-em-aluminio-reciclado-3","status":"publish","type":"product","link":"https:\/\/ninja.encktemp.com.br\/speedbrindes\/product\/garrafa-em-aluminio-reciclado-3\/","title":{"rendered":"Garrafa em Alum\u00ednio Reciclado"},"content":{"rendered":"<p>Garrafa em alum\u00ednio reciclado com capacidade de 550ml. Tampa rosque\u00e1vel em inox. Pintura fosca.<\/p>\n<p><em>*Todas as garrafas acompanham etiqueta em papel kraft com descri\u00e7\u00e3o do produto.<\/em><\/p>\n<p><em>*Apresenta s\u00edmbolo de recicl\u00e1vel na parte traseira do produto.<\/em><\/p>\n","protected":false},"excerpt":{"rendered":"<p>Garrafa em alum\u00ednio reciclado com capacidade de 550ml. Tampa rosque\u00e1vel em inox. Pintura fosca. *Todas as garrafas acompanham etiqueta em [&hellip;]<\/p>\n","protected":false},"featured_media":0,"comment_status":"open","ping_status":"closed","template":"","meta":[],"product_brand":[2877],"product_cat":[982,2772],"product_tag":[1159,1484],"class_list":{"0":"post-239277","1":"product","2":"type-product","3":"status-publish","5":"product_brand-asia-imports","6":"product_cat-garrafas","7":"product_cat-aluminio","8":"product_tag-ecologicos","9":"product_tag-aluminio-reciclado","11":"first","12":"instock","13":"shipping-taxable","14":"purchasable","15":"product-type-variable"},"_links":{"self":[{"href":"https:\/\/ninja.encktemp.com.br\/speedbrindes\/wp-json\/wp\/v2\/product\/239277","targetHints":{"allow":["GET"]}}],"collection":[{"href":"https:\/\/ninja.encktemp.com.br\/speedbrindes\/wp-json\/wp\/v2\/product"}],"about":[{"href":"https:\/\/ninja.encktemp.com.br\/speedbrindes\/wp-json\/wp\/v2\/types\/product"}],"replies":[{"embeddable":true,"href":"https:\/\/ninja.encktemp.com.br\/speedbrindes\/wp-json\/wp\/v2\/comments?post=239277"}],"wp:attachment":[{"href":"https:\/\/ninja.encktemp.com.br\/speedbrindes\/wp-json\/wp\/v2\/media?parent=239277"}],"wp:term":[{"taxonomy":"product_brand","embeddable":true,"href":"https:\/\/ninja.encktemp.com.br\/speedbrindes\/wp-json\/wp\/v2\/product_brand?post=239277"},{"taxonomy":"product_cat","embeddable":true,"href":"https:\/\/ninja.encktemp.com.br\/speedbrindes\/wp-json\/wp\/v2\/product_cat?post=239277"},{"taxonomy":"product_tag","embeddable":true,"href":"https:\/\/ninja.encktemp.com.br\/speedbrindes\/wp-json\/wp\/v2\/product_tag?post=239277"}],"curies":[{"name":"wp","href":"https:\/\/api.w.org\/{rel}","templated":true}]}}