{"id":239236,"date":"2025-12-12T10:41:52","date_gmt":"2025-12-12T13:41:52","guid":{"rendered":"https:\/\/ninja.encktemp.com.br\/speedbrindes\/product\/garrafa-em-aluminio-reciclado\/"},"modified":"2025-12-12T11:46:55","modified_gmt":"2025-12-12T14:46:55","slug":"garrafa-em-aluminio-reciclado","status":"publish","type":"product","link":"https:\/\/ninja.encktemp.com.br\/speedbrindes\/product\/garrafa-em-aluminio-reciclado\/","title":{"rendered":"Garrafa em alum\u00ednio reciclado"},"content":{"rendered":"<p>Garrafa de 550\u202fml em alum\u00ednio reciclado com acabamento mate, exceto na cor branca, tampa rosque\u00e1vel em bambu e mosquet\u00e3o na tampa.<\/p>\n","protected":false},"excerpt":{"rendered":"<p>Garrafa de 550\u202fml em alum\u00ednio reciclado com acabamento mate, exceto na cor branca, tampa rosque\u00e1vel em bambu e mosquet\u00e3o na [&hellip;]<\/p>\n","protected":false},"featured_media":169787,"comment_status":"open","ping_status":"closed","template":"","meta":[],"product_brand":[2877],"product_cat":[2772,2751,982],"product_tag":[1484,2739],"class_list":{"0":"post-239236","1":"product","2":"type-product","3":"status-publish","4":"has-post-thumbnail","6":"product_brand-asia-imports","7":"product_cat-aluminio","8":"product_cat-canecas-garrafas","9":"product_cat-garrafas","10":"product_tag-aluminio-reciclado","11":"product_tag-lancamento","13":"first","14":"instock","15":"shipping-taxable","16":"product-type-variable"},"_links":{"self":[{"href":"https:\/\/ninja.encktemp.com.br\/speedbrindes\/wp-json\/wp\/v2\/product\/239236","targetHints":{"allow":["GET"]}}],"collection":[{"href":"https:\/\/ninja.encktemp.com.br\/speedbrindes\/wp-json\/wp\/v2\/product"}],"about":[{"href":"https:\/\/ninja.encktemp.com.br\/speedbrindes\/wp-json\/wp\/v2\/types\/product"}],"replies":[{"embeddable":true,"href":"https:\/\/ninja.encktemp.com.br\/speedbrindes\/wp-json\/wp\/v2\/comments?post=239236"}],"wp:featuredmedia":[{"embeddable":true,"href":"https:\/\/ninja.encktemp.com.br\/speedbrindes\/wp-json\/wp\/v2\/media\/169787"}],"wp:attachment":[{"href":"https:\/\/ninja.encktemp.com.br\/speedbrindes\/wp-json\/wp\/v2\/media?parent=239236"}],"wp:term":[{"taxonomy":"product_brand","embeddable":true,"href":"https:\/\/ninja.encktemp.com.br\/speedbrindes\/wp-json\/wp\/v2\/product_brand?post=239236"},{"taxonomy":"product_cat","embeddable":true,"href":"https:\/\/ninja.encktemp.com.br\/speedbrindes\/wp-json\/wp\/v2\/product_cat?post=239236"},{"taxonomy":"product_tag","embeddable":true,"href":"https:\/\/ninja.encktemp.com.br\/speedbrindes\/wp-json\/wp\/v2\/product_tag?post=239236"}],"curies":[{"name":"wp","href":"https:\/\/api.w.org\/{rel}","templated":true}]}}