{"id":239094,"date":"2025-12-12T10:39:27","date_gmt":"2025-12-12T13:39:27","guid":{"rendered":"https:\/\/ninja.encktemp.com.br\/speedbrindes\/product\/garrafa-aco-inox\/"},"modified":"2026-04-08T04:15:36","modified_gmt":"2026-04-08T07:15:36","slug":"garrafa-aco-inox","status":"publish","type":"product","link":"https:\/\/ninja.encktemp.com.br\/speedbrindes\/product\/garrafa-aco-inox\/","title":{"rendered":"Garrafa A\u00e7o Inox"},"content":{"rendered":"","protected":false},"excerpt":{"rendered":"<p>Garrafa de a\u00e7o inox com capacidade de at\u00e9 750 ml. Tampa rosque\u00e1vel com anel de silicone. Bico com tampa para melhor seguran\u00e7a. Possui al\u00e7a em formato de mosquet\u00e3o.<br \/><strong>Dimens\u00e3o Produto:<\/strong> 23,0x\u00f87,0cm (Ax\u00f8D)<br \/><strong>Peso do Produto:<\/strong> 0,175kg<br \/><strong>Quant. por Caixa:<\/strong> 50pcs<br \/><strong>Embalagem:<\/strong> Caixa Branca<br \/><strong>Dimens\u00e3o Caixa:<\/strong> 41x41x53cm<br \/><strong>Peso da Caixa:<\/strong> 10kg<br \/><strong>NCM:<\/strong> 7310.29.90<\/p>\n","protected":false},"featured_media":169701,"comment_status":"open","ping_status":"closed","template":"","meta":[],"product_brand":[2877],"product_cat":[982,2751,2768],"product_tag":[2736,2739,2753],"class_list":{"0":"post-239094","1":"product","2":"type-product","3":"status-publish","4":"has-post-thumbnail","6":"product_brand-asia-imports","7":"product_cat-garrafas","8":"product_cat-canecas-garrafas","9":"product_cat-inox","10":"product_tag-reposicao","11":"product_tag-lancamento","12":"product_tag-base-emborrachada","14":"first","15":"instock","16":"shipping-taxable","17":"purchasable","18":"product-type-variable"},"_links":{"self":[{"href":"https:\/\/ninja.encktemp.com.br\/speedbrindes\/wp-json\/wp\/v2\/product\/239094","targetHints":{"allow":["GET"]}}],"collection":[{"href":"https:\/\/ninja.encktemp.com.br\/speedbrindes\/wp-json\/wp\/v2\/product"}],"about":[{"href":"https:\/\/ninja.encktemp.com.br\/speedbrindes\/wp-json\/wp\/v2\/types\/product"}],"replies":[{"embeddable":true,"href":"https:\/\/ninja.encktemp.com.br\/speedbrindes\/wp-json\/wp\/v2\/comments?post=239094"}],"wp:featuredmedia":[{"embeddable":true,"href":"https:\/\/ninja.encktemp.com.br\/speedbrindes\/wp-json\/wp\/v2\/media\/169701"}],"wp:attachment":[{"href":"https:\/\/ninja.encktemp.com.br\/speedbrindes\/wp-json\/wp\/v2\/media?parent=239094"}],"wp:term":[{"taxonomy":"product_brand","embeddable":true,"href":"https:\/\/ninja.encktemp.com.br\/speedbrindes\/wp-json\/wp\/v2\/product_brand?post=239094"},{"taxonomy":"product_cat","embeddable":true,"href":"https:\/\/ninja.encktemp.com.br\/speedbrindes\/wp-json\/wp\/v2\/product_cat?post=239094"},{"taxonomy":"product_tag","embeddable":true,"href":"https:\/\/ninja.encktemp.com.br\/speedbrindes\/wp-json\/wp\/v2\/product_tag?post=239094"}],"curies":[{"name":"wp","href":"https:\/\/api.w.org\/{rel}","templated":true}]}}