{"id":238698,"date":"2025-12-12T10:29:14","date_gmt":"2025-12-12T13:29:14","guid":{"rendered":"https:\/\/ninja.encktemp.com.br\/speedbrindes\/product\/caneta-plastica-16\/"},"modified":"2025-12-12T11:44:37","modified_gmt":"2025-12-12T14:44:37","slug":"caneta-plastica-16","status":"publish","type":"product","link":"https:\/\/ninja.encktemp.com.br\/speedbrindes\/product\/caneta-plastica-16\/","title":{"rendered":"Caneta Pl\u00e1stica"},"content":{"rendered":"<p>Caneta pl\u00e1stica esferogr\u00e1fica retr\u00e1til escrita em azul<\/p>\n","protected":false},"excerpt":{"rendered":"<p>Caneta pl\u00e1stica esferogr\u00e1fica retr\u00e1til escrita em azul<\/p>\n","protected":false},"featured_media":0,"comment_status":"open","ping_status":"closed","template":"","meta":[],"product_brand":[2877],"product_cat":[395,447,2761],"product_tag":[],"class_list":{"0":"post-238698","1":"product","2":"type-product","3":"status-publish","5":"product_brand-asia-imports","6":"product_cat-canetas","7":"product_cat-escritorio","8":"product_cat-plasticas","10":"first","11":"instock","12":"shipping-taxable","13":"purchasable","14":"product-type-variable"},"_links":{"self":[{"href":"https:\/\/ninja.encktemp.com.br\/speedbrindes\/wp-json\/wp\/v2\/product\/238698","targetHints":{"allow":["GET"]}}],"collection":[{"href":"https:\/\/ninja.encktemp.com.br\/speedbrindes\/wp-json\/wp\/v2\/product"}],"about":[{"href":"https:\/\/ninja.encktemp.com.br\/speedbrindes\/wp-json\/wp\/v2\/types\/product"}],"replies":[{"embeddable":true,"href":"https:\/\/ninja.encktemp.com.br\/speedbrindes\/wp-json\/wp\/v2\/comments?post=238698"}],"wp:attachment":[{"href":"https:\/\/ninja.encktemp.com.br\/speedbrindes\/wp-json\/wp\/v2\/media?parent=238698"}],"wp:term":[{"taxonomy":"product_brand","embeddable":true,"href":"https:\/\/ninja.encktemp.com.br\/speedbrindes\/wp-json\/wp\/v2\/product_brand?post=238698"},{"taxonomy":"product_cat","embeddable":true,"href":"https:\/\/ninja.encktemp.com.br\/speedbrindes\/wp-json\/wp\/v2\/product_cat?post=238698"},{"taxonomy":"product_tag","embeddable":true,"href":"https:\/\/ninja.encktemp.com.br\/speedbrindes\/wp-json\/wp\/v2\/product_tag?post=238698"}],"curies":[{"name":"wp","href":"https:\/\/api.w.org\/{rel}","templated":true}]}}