{"id":237497,"date":"2025-12-12T10:00:38","date_gmt":"2025-12-12T13:00:38","guid":{"rendered":"https:\/\/ninja.encktemp.com.br\/speedbrindes\/product\/caderno-a5-capa-em-poliester\/"},"modified":"2026-01-23T03:09:13","modified_gmt":"2026-01-23T06:09:13","slug":"caderno-a5-capa-em-poliester","status":"publish","type":"product","link":"https:\/\/ninja.encktemp.com.br\/speedbrindes\/product\/caderno-a5-capa-em-poliester\/","title":{"rendered":"Caderno A5 Capa em Poli\u00e9ster"},"content":{"rendered":"<p>Caderno de anota\u00e7\u00f5es com el\u00e1stico, capa dura em tecido poli\u00e9ster com fechamento na capa em metal, miolo 80 folhas pautadas na cor bege.<\/p>\n<p><strong>Dimens\u00e3o do produto:<\/strong> 21,4&#215;14,5&#215;1,5cm (AxLxP)<\/p>\n<p><strong>Peso do Produto:<\/strong> 0,289kg<\/p>\n<p><strong>Quant. por Caixa:<\/strong> 40 p\u00e7s<\/p>\n<p><strong>Embalagem:<\/strong> Saco Pl\u00e1stico<\/p>\n<p><strong>Dimens\u00e3o da caixa:<\/strong> 38,5x31x23,5cm<\/p>\n<p><strong>Peso da caixa:<\/strong> 13,2kg<\/p>\n<p><strong>NCM:<\/strong> 4820.20.00<\/p>\n","protected":false},"excerpt":{"rendered":"<p>Caderno de anota\u00e7\u00f5es com el\u00e1stico, capa dura em tecido poli\u00e9ster com fechamento na capa em metal, miolo 80 folhas pautadas [&hellip;]<\/p>\n","protected":false},"featured_media":365670,"comment_status":"open","ping_status":"closed","template":"","meta":[],"product_brand":[2877],"product_cat":[447,2738,3709],"product_tag":[2740,3710],"class_list":{"0":"post-237497","1":"product","2":"type-product","3":"status-publish","4":"has-post-thumbnail","6":"product_brand-asia-imports","7":"product_cat-escritorio","8":"product_cat-cadernos","9":"product_cat-caderno-brochura","10":"product_tag-com-pauta","11":"product_tag-cadernos-a5","13":"first","14":"instock","15":"shipping-taxable","16":"purchasable","17":"product-type-variable"},"_links":{"self":[{"href":"https:\/\/ninja.encktemp.com.br\/speedbrindes\/wp-json\/wp\/v2\/product\/237497","targetHints":{"allow":["GET"]}}],"collection":[{"href":"https:\/\/ninja.encktemp.com.br\/speedbrindes\/wp-json\/wp\/v2\/product"}],"about":[{"href":"https:\/\/ninja.encktemp.com.br\/speedbrindes\/wp-json\/wp\/v2\/types\/product"}],"replies":[{"embeddable":true,"href":"https:\/\/ninja.encktemp.com.br\/speedbrindes\/wp-json\/wp\/v2\/comments?post=237497"}],"wp:featuredmedia":[{"embeddable":true,"href":"https:\/\/ninja.encktemp.com.br\/speedbrindes\/wp-json\/wp\/v2\/media\/365670"}],"wp:attachment":[{"href":"https:\/\/ninja.encktemp.com.br\/speedbrindes\/wp-json\/wp\/v2\/media?parent=237497"}],"wp:term":[{"taxonomy":"product_brand","embeddable":true,"href":"https:\/\/ninja.encktemp.com.br\/speedbrindes\/wp-json\/wp\/v2\/product_brand?post=237497"},{"taxonomy":"product_cat","embeddable":true,"href":"https:\/\/ninja.encktemp.com.br\/speedbrindes\/wp-json\/wp\/v2\/product_cat?post=237497"},{"taxonomy":"product_tag","embeddable":true,"href":"https:\/\/ninja.encktemp.com.br\/speedbrindes\/wp-json\/wp\/v2\/product_tag?post=237497"}],"curies":[{"name":"wp","href":"https:\/\/api.w.org\/{rel}","templated":true}]}}