{"id":237483,"date":"2025-12-12T10:00:21","date_gmt":"2025-12-12T13:00:21","guid":{"rendered":"https:\/\/ninja.encktemp.com.br\/speedbrindes\/product\/caderno-a5-capa-em-papelao-reciclado-c-caneta\/"},"modified":"2026-04-10T06:21:44","modified_gmt":"2026-04-10T09:21:44","slug":"caderno-a5-capa-em-papelao-reciclado-c-caneta","status":"publish","type":"product","link":"https:\/\/ninja.encktemp.com.br\/speedbrindes\/product\/caderno-a5-capa-em-papelao-reciclado-c-caneta\/","title":{"rendered":"Caderno A5 Capa em Papel\u00e3o Reciclado c\/ Caneta"},"content":{"rendered":"","protected":false},"excerpt":{"rendered":"<p>Caderno de anota\u00e7\u00f5es em papel\u00e3o recicl\u00e1vel com suporte para caneta e miolo de 70 folhas pautadas e destac\u00e1veis.<\/p>\n<p>Acompanha caneta com corpo em papel recicl\u00e1vel com detalhe em pl\u00e1stico.<br \/><strong>Dimens\u00e3o do Produto:<\/strong> 20,7&#215;14,6x1cm (AxLxP)<br \/><strong>Dimens\u00e3o do produto:<\/strong> 13,8x\u00f80,8cm (Caneta)<br \/><strong>Peso do Produto:<\/strong> 0,239kg<br \/><strong>Dimens\u00e3o Caixa:<\/strong> 37x34x23,5cm<br \/><strong>Peso da Caixa:<\/strong> 12,3kgs<br \/><strong>Quantidade por Caixa:<\/strong> 50p\u00e7s<br \/><strong>Embalagem:<\/strong> Pl\u00e1stica<br \/><strong>NCM:<\/strong> 4820.20.00<\/p>\n","protected":false},"featured_media":365661,"comment_status":"open","ping_status":"closed","template":"","meta":[],"product_brand":[2877],"product_cat":[3711,447,3712,2738],"product_tag":[3710,1159,2521,2736,2740],"class_list":{"0":"post-237483","1":"product","2":"type-product","3":"status-publish","4":"has-post-thumbnail","6":"product_brand-asia-imports","7":"product_cat-caderno-espiral","8":"product_cat-escritorio","9":"product_cat-caderno-c-caneta","10":"product_cat-cadernos","11":"product_tag-cadernos-a5","12":"product_tag-ecologicos","13":"product_tag-papel-kraft","14":"product_tag-reposicao","15":"product_tag-com-pauta","17":"first","18":"instock","19":"shipping-taxable","20":"purchasable","21":"product-type-variable"},"_links":{"self":[{"href":"https:\/\/ninja.encktemp.com.br\/speedbrindes\/wp-json\/wp\/v2\/product\/237483","targetHints":{"allow":["GET"]}}],"collection":[{"href":"https:\/\/ninja.encktemp.com.br\/speedbrindes\/wp-json\/wp\/v2\/product"}],"about":[{"href":"https:\/\/ninja.encktemp.com.br\/speedbrindes\/wp-json\/wp\/v2\/types\/product"}],"replies":[{"embeddable":true,"href":"https:\/\/ninja.encktemp.com.br\/speedbrindes\/wp-json\/wp\/v2\/comments?post=237483"}],"wp:featuredmedia":[{"embeddable":true,"href":"https:\/\/ninja.encktemp.com.br\/speedbrindes\/wp-json\/wp\/v2\/media\/365661"}],"wp:attachment":[{"href":"https:\/\/ninja.encktemp.com.br\/speedbrindes\/wp-json\/wp\/v2\/media?parent=237483"}],"wp:term":[{"taxonomy":"product_brand","embeddable":true,"href":"https:\/\/ninja.encktemp.com.br\/speedbrindes\/wp-json\/wp\/v2\/product_brand?post=237483"},{"taxonomy":"product_cat","embeddable":true,"href":"https:\/\/ninja.encktemp.com.br\/speedbrindes\/wp-json\/wp\/v2\/product_cat?post=237483"},{"taxonomy":"product_tag","embeddable":true,"href":"https:\/\/ninja.encktemp.com.br\/speedbrindes\/wp-json\/wp\/v2\/product_tag?post=237483"}],"curies":[{"name":"wp","href":"https:\/\/api.w.org\/{rel}","templated":true}]}}