{"id":237324,"date":"2025-12-12T08:42:06","date_gmt":"2025-12-12T11:42:06","guid":{"rendered":"https:\/\/ninja.encktemp.com.br\/speedbrindes\/product\/caneca-em-plastico-pp\/"},"modified":"2025-12-12T11:40:33","modified_gmt":"2025-12-12T14:40:33","slug":"caneca-em-plastico-pp","status":"publish","type":"product","link":"https:\/\/ninja.encktemp.com.br\/speedbrindes\/product\/caneca-em-plastico-pp\/","title":{"rendered":"Caneca em pl\u00e1stico PP"},"content":{"rendered":"<p>Caneca produzida em pl\u00e1stico PP de 450ml com interior em inox 304 para conserva\u00e7\u00e3o da temperatura do l\u00edquido. Possui al\u00e7a ergon\u00f4mica e tampa pl\u00e1stica com veda\u00e7\u00e3o de encaixe.<\/p>\n","protected":false},"excerpt":{"rendered":"<p>Caneca produzida em pl\u00e1stico PP de 450ml com interior em inox 304 para conserva\u00e7\u00e3o da temperatura do l\u00edquido. Possui al\u00e7a [&hellip;]<\/p>\n","protected":false},"featured_media":0,"comment_status":"open","ping_status":"closed","template":"","meta":[],"product_brand":[2877],"product_cat":[1913,2751],"product_tag":[2739],"class_list":{"0":"post-237324","1":"product","2":"type-product","3":"status-publish","5":"product_brand-asia-imports","6":"product_cat-canecas","7":"product_cat-canecas-garrafas","8":"product_tag-lancamento","10":"first","11":"instock","12":"shipping-taxable","13":"purchasable","14":"product-type-variable"},"_links":{"self":[{"href":"https:\/\/ninja.encktemp.com.br\/speedbrindes\/wp-json\/wp\/v2\/product\/237324","targetHints":{"allow":["GET"]}}],"collection":[{"href":"https:\/\/ninja.encktemp.com.br\/speedbrindes\/wp-json\/wp\/v2\/product"}],"about":[{"href":"https:\/\/ninja.encktemp.com.br\/speedbrindes\/wp-json\/wp\/v2\/types\/product"}],"replies":[{"embeddable":true,"href":"https:\/\/ninja.encktemp.com.br\/speedbrindes\/wp-json\/wp\/v2\/comments?post=237324"}],"wp:attachment":[{"href":"https:\/\/ninja.encktemp.com.br\/speedbrindes\/wp-json\/wp\/v2\/media?parent=237324"}],"wp:term":[{"taxonomy":"product_brand","embeddable":true,"href":"https:\/\/ninja.encktemp.com.br\/speedbrindes\/wp-json\/wp\/v2\/product_brand?post=237324"},{"taxonomy":"product_cat","embeddable":true,"href":"https:\/\/ninja.encktemp.com.br\/speedbrindes\/wp-json\/wp\/v2\/product_cat?post=237324"},{"taxonomy":"product_tag","embeddable":true,"href":"https:\/\/ninja.encktemp.com.br\/speedbrindes\/wp-json\/wp\/v2\/product_tag?post=237324"}],"curies":[{"name":"wp","href":"https:\/\/api.w.org\/{rel}","templated":true}]}}