{"id":237214,"date":"2025-12-10T19:33:38","date_gmt":"2025-12-10T22:33:38","guid":{"rendered":"https:\/\/ninja.encktemp.com.br\/speedbrindes\/product\/travelx-kit-de-viagem\/"},"modified":"2026-01-18T03:42:29","modified_gmt":"2026-01-18T06:42:29","slug":"travelx-kit-de-viagem","status":"publish","type":"product","link":"https:\/\/ninja.encktemp.com.br\/speedbrindes\/product\/travelx-kit-de-viagem\/","title":{"rendered":"TRAVELX. Kit de viagem"},"content":{"rendered":"<p>Conjunto de viagem composto por almofada de pesco\u00e7o, m\u00e1scara para dormir, tamp\u00f5es para ouvidos (n\u00e3o \u00e9 um equipamento de prote\u00e7\u00e3o individual) e 1 par de meias. Fornecido com bolsa em 190T. Bolsa: 150 x 200 mm<\/p>\n","protected":false},"excerpt":{"rendered":"<p>Conjunto de viagem composto por almofada de pesco\u00e7o, m\u00e1scara para dormir, tamp\u00f5es para ouvidos (n\u00e3o \u00e9 um equipamento de prote\u00e7\u00e3o [&hellip;]<\/p>\n","protected":false},"featured_media":205953,"comment_status":"open","ping_status":"closed","template":"","meta":[],"product_brand":[2684],"product_cat":[990,1001,1753,1754],"product_tag":[900,902,1060,2528],"class_list":{"0":"post-237214","1":"product","2":"type-product","3":"status-publish","4":"has-post-thumbnail","6":"product_brand-spot-gifts","7":"product_cat-pessoal-viagem","8":"product_cat-1001","9":"product_cat-utilitarios-de-viagem","10":"product_cat-1754","11":"product_tag-certificado","12":"product_tag-certificados","13":"product_tag-viagens","14":"product_tag-almofada","16":"first","17":"instock","18":"shipping-taxable","19":"purchasable","20":"product-type-variable","21":"has-default-attributes"},"_links":{"self":[{"href":"https:\/\/ninja.encktemp.com.br\/speedbrindes\/wp-json\/wp\/v2\/product\/237214","targetHints":{"allow":["GET"]}}],"collection":[{"href":"https:\/\/ninja.encktemp.com.br\/speedbrindes\/wp-json\/wp\/v2\/product"}],"about":[{"href":"https:\/\/ninja.encktemp.com.br\/speedbrindes\/wp-json\/wp\/v2\/types\/product"}],"replies":[{"embeddable":true,"href":"https:\/\/ninja.encktemp.com.br\/speedbrindes\/wp-json\/wp\/v2\/comments?post=237214"}],"wp:featuredmedia":[{"embeddable":true,"href":"https:\/\/ninja.encktemp.com.br\/speedbrindes\/wp-json\/wp\/v2\/media\/205953"}],"wp:attachment":[{"href":"https:\/\/ninja.encktemp.com.br\/speedbrindes\/wp-json\/wp\/v2\/media?parent=237214"}],"wp:term":[{"taxonomy":"product_brand","embeddable":true,"href":"https:\/\/ninja.encktemp.com.br\/speedbrindes\/wp-json\/wp\/v2\/product_brand?post=237214"},{"taxonomy":"product_cat","embeddable":true,"href":"https:\/\/ninja.encktemp.com.br\/speedbrindes\/wp-json\/wp\/v2\/product_cat?post=237214"},{"taxonomy":"product_tag","embeddable":true,"href":"https:\/\/ninja.encktemp.com.br\/speedbrindes\/wp-json\/wp\/v2\/product_tag?post=237214"}],"curies":[{"name":"wp","href":"https:\/\/api.w.org\/{rel}","templated":true}]}}