{"id":237084,"date":"2025-12-10T19:32:03","date_gmt":"2025-12-10T22:32:03","guid":{"rendered":"https:\/\/ninja.encktemp.com.br\/speedbrindes\/product\/thorne-mouse-rgb-mouse-para-jogos-em-abs-com-acabamento-em-borracha\/"},"modified":"2026-01-18T03:42:39","modified_gmt":"2026-01-18T06:42:39","slug":"thorne-mouse-rgb-mouse-para-jogos-em-abs-com-acabamento-em-borracha","status":"publish","type":"product","link":"https:\/\/ninja.encktemp.com.br\/speedbrindes\/product\/thorne-mouse-rgb-mouse-para-jogos-em-abs-com-acabamento-em-borracha\/","title":{"rendered":"THORNE MOUSE RGB. Mouse para jogos em ABS com acabamento em borracha"},"content":{"rendered":"<p>Mouse para jogos em ABS e acabamento emborrachado com 7 bot\u00f5es e ilumina\u00e7\u00e3o RGB com 8 modos poss\u00edveis. Formato ergon\u00f4mico desenhado para conforto e desempenho de uso prolongado. Configura\u00e7\u00e3o de alta precis\u00e3o at\u00e9 7200 DPI. Fio resistente em nylon de 1&#8217;5 m. Fornecido em caixa presente. 125 x 67 x 39 mm | Caixa: 140 x 95 x 45 mm<\/p>\n","protected":false},"excerpt":{"rendered":"<p>Mouse para jogos em ABS e acabamento emborrachado com 7 bot\u00f5es e ilumina\u00e7\u00e3o RGB com 8 modos poss\u00edveis. Formato ergon\u00f4mico [&hellip;]<\/p>\n","protected":false},"featured_media":206756,"comment_status":"open","ping_status":"closed","template":"","meta":[],"product_brand":[2684],"product_cat":[916,1387,3704],"product_tag":[2331,2332,900,2333,902,2334,2335,1351,2336,2337,1836,2328,2329,2330],"class_list":{"0":"post-237084","1":"product","2":"type-product","3":"status-publish","4":"has-post-thumbnail","6":"product_brand-spot-gifts","7":"product_cat-916","8":"product_cat-1387","9":"product_cat-mouse","10":"product_tag-rato-para-computador","11":"product_tag-rato-gaming","12":"product_tag-certificado","13":"product_tag-rato-para-jogos","14":"product_tag-certificados","15":"product_tag-jogos","16":"product_tag-gaming","17":"product_tag-rato","18":"product_tag-gamming","19":"product_tag-rato-ergonomico","20":"product_tag-mouse","21":"product_tag-ratos","22":"product_tag-ratos-para-pc","23":"product_tag-ratos-para-computador","25":"first","26":"instock","27":"shipping-taxable","28":"purchasable","29":"product-type-variable","30":"has-default-attributes"},"_links":{"self":[{"href":"https:\/\/ninja.encktemp.com.br\/speedbrindes\/wp-json\/wp\/v2\/product\/237084","targetHints":{"allow":["GET"]}}],"collection":[{"href":"https:\/\/ninja.encktemp.com.br\/speedbrindes\/wp-json\/wp\/v2\/product"}],"about":[{"href":"https:\/\/ninja.encktemp.com.br\/speedbrindes\/wp-json\/wp\/v2\/types\/product"}],"replies":[{"embeddable":true,"href":"https:\/\/ninja.encktemp.com.br\/speedbrindes\/wp-json\/wp\/v2\/comments?post=237084"}],"wp:featuredmedia":[{"embeddable":true,"href":"https:\/\/ninja.encktemp.com.br\/speedbrindes\/wp-json\/wp\/v2\/media\/206756"}],"wp:attachment":[{"href":"https:\/\/ninja.encktemp.com.br\/speedbrindes\/wp-json\/wp\/v2\/media?parent=237084"}],"wp:term":[{"taxonomy":"product_brand","embeddable":true,"href":"https:\/\/ninja.encktemp.com.br\/speedbrindes\/wp-json\/wp\/v2\/product_brand?post=237084"},{"taxonomy":"product_cat","embeddable":true,"href":"https:\/\/ninja.encktemp.com.br\/speedbrindes\/wp-json\/wp\/v2\/product_cat?post=237084"},{"taxonomy":"product_tag","embeddable":true,"href":"https:\/\/ninja.encktemp.com.br\/speedbrindes\/wp-json\/wp\/v2\/product_tag?post=237084"}],"curies":[{"name":"wp","href":"https:\/\/api.w.org\/{rel}","templated":true}]}}