{"id":237006,"date":"2025-12-10T19:31:07","date_gmt":"2025-12-10T22:31:07","guid":{"rendered":"https:\/\/ninja.encktemp.com.br\/speedbrindes\/product\/lunkina-caneca-em-vidro-390-ml\/"},"modified":"2026-01-18T03:42:51","modified_gmt":"2026-01-18T06:42:51","slug":"lunkina-caneca-em-vidro-390-ml","status":"publish","type":"product","link":"https:\/\/ninja.encktemp.com.br\/speedbrindes\/product\/lunkina-caneca-em-vidro-390-ml\/","title":{"rendered":"LUNKINA. Caneca em vidro 390 mL"},"content":{"rendered":"<p>Caneca em vidro. Capacidade at\u00e9 390 mL. Fornecida em caixa presente. Certifica\u00e7\u00e3o EU Food Grade. \u00f891 x 103 mm<\/p>\n","protected":false},"excerpt":{"rendered":"<p>Caneca em vidro. Capacidade at\u00e9 390 mL. Fornecida em caixa presente. Certifica\u00e7\u00e3o EU Food Grade. \u00f891 x 103 mm<\/p>\n","protected":false},"featured_media":207202,"comment_status":"open","ping_status":"closed","template":"","meta":[],"product_brand":[2684],"product_cat":[2080,2985,997,1913],"product_tag":[2040,2045,900,902,970,971,1914,1915,1916],"class_list":{"0":"post-237006","1":"product","2":"type-product","3":"status-publish","4":"has-post-thumbnail","6":"product_brand-spot-gifts","7":"product_cat-2080","8":"product_cat-canecas-2","9":"product_cat-997","10":"product_cat-canecas","11":"product_tag-cafes","12":"product_tag-chavenas","13":"product_tag-certificado","14":"product_tag-certificados","15":"product_tag-bebida","16":"product_tag-bebidas","17":"product_tag-canecas","18":"product_tag-cafe","19":"product_tag-cha","21":"first","22":"instock","23":"shipping-taxable","24":"purchasable","25":"product-type-variable","26":"has-default-attributes"},"_links":{"self":[{"href":"https:\/\/ninja.encktemp.com.br\/speedbrindes\/wp-json\/wp\/v2\/product\/237006","targetHints":{"allow":["GET"]}}],"collection":[{"href":"https:\/\/ninja.encktemp.com.br\/speedbrindes\/wp-json\/wp\/v2\/product"}],"about":[{"href":"https:\/\/ninja.encktemp.com.br\/speedbrindes\/wp-json\/wp\/v2\/types\/product"}],"replies":[{"embeddable":true,"href":"https:\/\/ninja.encktemp.com.br\/speedbrindes\/wp-json\/wp\/v2\/comments?post=237006"}],"wp:featuredmedia":[{"embeddable":true,"href":"https:\/\/ninja.encktemp.com.br\/speedbrindes\/wp-json\/wp\/v2\/media\/207202"}],"wp:attachment":[{"href":"https:\/\/ninja.encktemp.com.br\/speedbrindes\/wp-json\/wp\/v2\/media?parent=237006"}],"wp:term":[{"taxonomy":"product_brand","embeddable":true,"href":"https:\/\/ninja.encktemp.com.br\/speedbrindes\/wp-json\/wp\/v2\/product_brand?post=237006"},{"taxonomy":"product_cat","embeddable":true,"href":"https:\/\/ninja.encktemp.com.br\/speedbrindes\/wp-json\/wp\/v2\/product_cat?post=237006"},{"taxonomy":"product_tag","embeddable":true,"href":"https:\/\/ninja.encktemp.com.br\/speedbrindes\/wp-json\/wp\/v2\/product_tag?post=237006"}],"curies":[{"name":"wp","href":"https:\/\/api.w.org\/{rel}","templated":true}]}}