{"id":236982,"date":"2025-12-10T19:30:42","date_gmt":"2025-12-10T22:30:42","guid":{"rendered":"https:\/\/ninja.encktemp.com.br\/speedbrindes\/product\/heat-garrafa-em-aco-inox-de-parede-dupla-termica-isolada-a-vacuo-750-ml\/"},"modified":"2026-01-18T03:42:51","modified_gmt":"2026-01-18T06:42:51","slug":"heat-garrafa-em-aco-inox-de-parede-dupla-termica-isolada-a-vacuo-750-ml","status":"publish","type":"product","link":"https:\/\/ninja.encktemp.com.br\/speedbrindes\/product\/heat-garrafa-em-aco-inox-de-parede-dupla-termica-isolada-a-vacuo-750-ml\/","title":{"rendered":"HEAT. Garrafa em a\u00e7o inox de parede dupla t\u00e9rmica, isolada a v\u00e1cuo 750 mL"},"content":{"rendered":"<p>Garrafa em a\u00e7o inox de parede dupla t\u00e9rmica, isolada a v\u00e1cuo. A tampa interior possui sistema de bot\u00e3o abre e fecha dando maior isolamento e seguran\u00e7a contra vazamentos. O design da tampa vira um copo para que possa consumir a sua bebida preferida. Capacidade at\u00e9 750 mL. Inclusos 2 copos. Preserva as bebidas quentes por 12h e frias por 24h. Fornecida em caixa presente. Certifica\u00e7\u00e3o EU Food Grade. \u00f886 x 310\u00a0mm<\/p>\n","protected":false},"excerpt":{"rendered":"<p>Garrafa em a\u00e7o inox de parede dupla t\u00e9rmica, isolada a v\u00e1cuo. A tampa interior possui sistema de bot\u00e3o abre e [&hellip;]<\/p>\n","protected":false},"featured_media":207401,"comment_status":"open","ping_status":"closed","template":"","meta":[],"product_brand":[2684],"product_cat":[2228,2764,997],"product_tag":[1297,900,902,969,970,971,983,985,986],"class_list":{"0":"post-236982","1":"product","2":"type-product","3":"status-publish","4":"has-post-thumbnail","6":"product_brand-spot-gifts","7":"product_cat-2228","8":"product_cat-copos","9":"product_cat-997","10":"product_tag-squeeze","11":"product_tag-certificado","12":"product_tag-certificados","13":"product_tag-garrafas","14":"product_tag-bebida","15":"product_tag-bebidas","16":"product_tag-squeezes","17":"product_tag-garrafa-termica","18":"product_tag-garrafas-termicas","20":"first","21":"instock","22":"shipping-taxable","23":"purchasable","24":"product-type-variable","25":"has-default-attributes"},"_links":{"self":[{"href":"https:\/\/ninja.encktemp.com.br\/speedbrindes\/wp-json\/wp\/v2\/product\/236982","targetHints":{"allow":["GET"]}}],"collection":[{"href":"https:\/\/ninja.encktemp.com.br\/speedbrindes\/wp-json\/wp\/v2\/product"}],"about":[{"href":"https:\/\/ninja.encktemp.com.br\/speedbrindes\/wp-json\/wp\/v2\/types\/product"}],"replies":[{"embeddable":true,"href":"https:\/\/ninja.encktemp.com.br\/speedbrindes\/wp-json\/wp\/v2\/comments?post=236982"}],"wp:featuredmedia":[{"embeddable":true,"href":"https:\/\/ninja.encktemp.com.br\/speedbrindes\/wp-json\/wp\/v2\/media\/207401"}],"wp:attachment":[{"href":"https:\/\/ninja.encktemp.com.br\/speedbrindes\/wp-json\/wp\/v2\/media?parent=236982"}],"wp:term":[{"taxonomy":"product_brand","embeddable":true,"href":"https:\/\/ninja.encktemp.com.br\/speedbrindes\/wp-json\/wp\/v2\/product_brand?post=236982"},{"taxonomy":"product_cat","embeddable":true,"href":"https:\/\/ninja.encktemp.com.br\/speedbrindes\/wp-json\/wp\/v2\/product_cat?post=236982"},{"taxonomy":"product_tag","embeddable":true,"href":"https:\/\/ninja.encktemp.com.br\/speedbrindes\/wp-json\/wp\/v2\/product_tag?post=236982"}],"curies":[{"name":"wp","href":"https:\/\/api.w.org\/{rel}","templated":true}]}}