{"id":236808,"date":"2025-12-10T19:28:17","date_gmt":"2025-12-10T22:28:17","guid":{"rendered":"https:\/\/ninja.encktemp.com.br\/speedbrindes\/product\/koerper-kit-churrasco-em-caixa-bambu-com-4-utensilios-em-aco-inox-e-bambu\/"},"modified":"2026-04-10T06:24:59","modified_gmt":"2026-04-10T09:24:59","slug":"koerper-kit-churrasco-em-caixa-bambu-com-4-utensilios-em-aco-inox-e-bambu","status":"publish","type":"product","link":"https:\/\/ninja.encktemp.com.br\/speedbrindes\/product\/koerper-kit-churrasco-em-caixa-bambu-com-4-utensilios-em-aco-inox-e-bambu\/","title":{"rendered":"KOERPER. Kit churrasco em caixa bambu com 4 utens\u00edlios em a\u00e7o inox e bambu"},"content":{"rendered":"<p>Kit churrasco em caixa de bambu. Composto por 4 utens\u00edlios em a\u00e7o inox e bambu: faca japonesa, faca chefe, faca boning e garfo. Certifica\u00e7\u00e3o EU Food Grade. A cor e o resultado da impress\u00e3o nos materiais naturais pode variar entre produtos. Caixa: 350 x 179 x 29 mm<\/p>\n","protected":false},"excerpt":{"rendered":"<p>Kit churrasco em caixa de bambu. Composto por 4 utens\u00edlios em a\u00e7o inox e bambu: faca japonesa, faca chefe, faca [&hellip;]<\/p>\n","protected":false},"featured_media":208625,"comment_status":"open","ping_status":"closed","template":"","meta":[],"product_brand":[2684],"product_cat":[1936,1078],"product_tag":[1228,1935,900,902,2015,1157,1158,1159,1193,1194,1195],"class_list":{"0":"post-236808","1":"product","2":"type-product","3":"status-publish","4":"has-post-thumbnail","6":"product_brand-spot-gifts","7":"product_cat-1936","8":"product_cat-1078","9":"product_tag-ecologic","10":"product_tag-churrascos","11":"product_tag-certificado","12":"product_tag-certificados","13":"product_tag-kits-de-churrasco","14":"product_tag-eco","15":"product_tag-ecologico","16":"product_tag-ecologicos","17":"product_tag-produtos-eco","18":"product_tag-sustentavel","19":"product_tag-sustentaveis","21":"first","22":"instock","23":"shipping-taxable","24":"purchasable","25":"product-type-variable","26":"has-default-attributes"},"_links":{"self":[{"href":"https:\/\/ninja.encktemp.com.br\/speedbrindes\/wp-json\/wp\/v2\/product\/236808","targetHints":{"allow":["GET"]}}],"collection":[{"href":"https:\/\/ninja.encktemp.com.br\/speedbrindes\/wp-json\/wp\/v2\/product"}],"about":[{"href":"https:\/\/ninja.encktemp.com.br\/speedbrindes\/wp-json\/wp\/v2\/types\/product"}],"replies":[{"embeddable":true,"href":"https:\/\/ninja.encktemp.com.br\/speedbrindes\/wp-json\/wp\/v2\/comments?post=236808"}],"wp:featuredmedia":[{"embeddable":true,"href":"https:\/\/ninja.encktemp.com.br\/speedbrindes\/wp-json\/wp\/v2\/media\/208625"}],"wp:attachment":[{"href":"https:\/\/ninja.encktemp.com.br\/speedbrindes\/wp-json\/wp\/v2\/media?parent=236808"}],"wp:term":[{"taxonomy":"product_brand","embeddable":true,"href":"https:\/\/ninja.encktemp.com.br\/speedbrindes\/wp-json\/wp\/v2\/product_brand?post=236808"},{"taxonomy":"product_cat","embeddable":true,"href":"https:\/\/ninja.encktemp.com.br\/speedbrindes\/wp-json\/wp\/v2\/product_cat?post=236808"},{"taxonomy":"product_tag","embeddable":true,"href":"https:\/\/ninja.encktemp.com.br\/speedbrindes\/wp-json\/wp\/v2\/product_tag?post=236808"}],"curies":[{"name":"wp","href":"https:\/\/api.w.org\/{rel}","templated":true}]}}