{"id":236716,"date":"2025-12-10T19:27:16","date_gmt":"2025-12-10T22:27:16","guid":{"rendered":"https:\/\/ninja.encktemp.com.br\/speedbrindes\/product\/mustard-travessa-em-bambu-indicada-para-servir-alimentos\/"},"modified":"2026-01-18T03:43:15","modified_gmt":"2026-01-18T06:43:15","slug":"mustard-travessa-em-bambu-indicada-para-servir-alimentos","status":"publish","type":"product","link":"https:\/\/ninja.encktemp.com.br\/speedbrindes\/product\/mustard-travessa-em-bambu-indicada-para-servir-alimentos\/","title":{"rendered":"MUSTARD. Travessa em bambu indicada para servir alimentos"},"content":{"rendered":"<p>Travessa em bambu, indicada para servir alimentos. Fornecida em caixa presente de papel kraft reciclado. Certifica\u00e7\u00e3o EU Food Grade. A cor e o resultado da impress\u00e3o nos materiais naturais pode variar entre produtos. 255 x 130 x 18 mm | Caixa: 260 x 134 x 26 mm<\/p>\n","protected":false},"excerpt":{"rendered":"<p>Travessa em bambu, indicada para servir alimentos. Fornecida em caixa presente de papel kraft reciclado. Certifica\u00e7\u00e3o EU Food Grade. A [&hellip;]<\/p>\n","protected":false},"featured_media":209104,"comment_status":"open","ping_status":"closed","template":"","meta":[],"product_brand":[2684],"product_cat":[2901,2998,3000,1078,1943],"product_tag":[1195,1228,900,1278,902,1286,1427,1157,1774,1158,1931,1159,1932,1160,1933,1193,1194,1944],"class_list":{"0":"post-236716","1":"product","2":"type-product","3":"status-publish","4":"has-post-thumbnail","6":"product_brand-spot-gifts","7":"product_cat-casa-e-cozinha","8":"product_cat-bar-e-cozinha","9":"product_cat-kits-churrasco","10":"product_cat-1078","11":"product_cat-1943","12":"product_tag-sustentaveis","13":"product_tag-ecologic","14":"product_tag-certificado","15":"product_tag-queijos","16":"product_tag-certificados","17":"product_tag-casa","18":"product_tag-cozinha","19":"product_tag-eco","20":"product_tag-mesa","21":"product_tag-ecologico","22":"product_tag-aperitivos","23":"product_tag-ecologicos","24":"product_tag-tabuas","25":"product_tag-amigo-do-ambiente","26":"product_tag-tabuas-para-servir","27":"product_tag-produtos-eco","28":"product_tag-sustentavel","29":"product_tag-travessas","31":"first","32":"instock","33":"shipping-taxable","34":"purchasable","35":"product-type-variable","36":"has-default-attributes"},"_links":{"self":[{"href":"https:\/\/ninja.encktemp.com.br\/speedbrindes\/wp-json\/wp\/v2\/product\/236716","targetHints":{"allow":["GET"]}}],"collection":[{"href":"https:\/\/ninja.encktemp.com.br\/speedbrindes\/wp-json\/wp\/v2\/product"}],"about":[{"href":"https:\/\/ninja.encktemp.com.br\/speedbrindes\/wp-json\/wp\/v2\/types\/product"}],"replies":[{"embeddable":true,"href":"https:\/\/ninja.encktemp.com.br\/speedbrindes\/wp-json\/wp\/v2\/comments?post=236716"}],"wp:featuredmedia":[{"embeddable":true,"href":"https:\/\/ninja.encktemp.com.br\/speedbrindes\/wp-json\/wp\/v2\/media\/209104"}],"wp:attachment":[{"href":"https:\/\/ninja.encktemp.com.br\/speedbrindes\/wp-json\/wp\/v2\/media?parent=236716"}],"wp:term":[{"taxonomy":"product_brand","embeddable":true,"href":"https:\/\/ninja.encktemp.com.br\/speedbrindes\/wp-json\/wp\/v2\/product_brand?post=236716"},{"taxonomy":"product_cat","embeddable":true,"href":"https:\/\/ninja.encktemp.com.br\/speedbrindes\/wp-json\/wp\/v2\/product_cat?post=236716"},{"taxonomy":"product_tag","embeddable":true,"href":"https:\/\/ninja.encktemp.com.br\/speedbrindes\/wp-json\/wp\/v2\/product_tag?post=236716"}],"curies":[{"name":"wp","href":"https:\/\/api.w.org\/{rel}","templated":true}]}}