{"id":236414,"date":"2025-12-10T19:23:09","date_gmt":"2025-12-10T22:23:09","guid":{"rendered":"https:\/\/ninja.encktemp.com.br\/speedbrindes\/product\/douala-mochila-para-notebook-15-6-em-300d-de-alta-densiade-2tone-com-nylon-17-l\/"},"modified":"2026-01-18T03:43:46","modified_gmt":"2026-01-18T06:43:46","slug":"douala-mochila-para-notebook-15-6-em-300d-de-alta-densiade-2tone-com-nylon-17-l","status":"publish","type":"product","link":"https:\/\/ninja.encktemp.com.br\/speedbrindes\/product\/douala-mochila-para-notebook-15-6-em-300d-de-alta-densiade-2tone-com-nylon-17-l\/","title":{"rendered":"DOUALA. Mochila para notebook 15.6&#8243; em 300D de alta densiade 2Tone com nylon 17 L"},"content":{"rendered":"<p>Mochila para notebook em 300D 2Tone de alta densidade com nylon, conferindo-lhe um acabamento brilhante. Possui um compartimento principal com divis\u00f3ria para notebook at\u00e9 15.6&#8243;, um bolso frontal com z\u00edper e dois bolsos laterais em tela. Parte posterior e al\u00e7as almofadadas. Cont\u00e9m uma al\u00e7a de transporte para trolley. Capacidade at\u00e9 17 L. 280 x 440 x 150 mm<\/p>\n","protected":false},"excerpt":{"rendered":"<p>Mochila para notebook em 300D 2Tone de alta densidade com nylon, conferindo-lhe um acabamento brilhante. Possui um compartimento principal com [&hellip;]<\/p>\n","protected":false},"featured_media":210999,"comment_status":"open","ping_status":"closed","template":"","meta":[],"product_brand":[2684],"product_cat":[3705,252,1203,1204,1205,1208,2784,1220,2897,2906],"product_tag":[1547,1613,46,1615,1618,1644,1696,1240,1546],"class_list":{"0":"post-236414","1":"product","2":"type-product","3":"status-publish","4":"has-post-thumbnail","6":"product_brand-spot-gifts","7":"product_cat-informatica","8":"product_cat-eletronicos","9":"product_cat-mochilas-malas-pastas","10":"product_cat-mochilas-para-pc-tablet-mochilas-malas-pastas","11":"product_cat-1205","12":"product_cat-mochilas-mochilas-malas-pastas","13":"product_cat-p-notebooks","14":"product_cat-1220","15":"product_cat-mochilas-e-bolsas","16":"product_cat-eletronicos-e-acessorios","17":"product_tag-mochila-para-computador","18":"product_tag-300d","19":"product_tag-nylon","20":"product_tag-mochila-para-notebook","21":"product_tag-alta-densidade","22":"product_tag-mochila-para-trolley","23":"product_tag-mochila-para-viagem","24":"product_tag-mochila","25":"product_tag-trolley","27":"first","28":"instock","29":"shipping-taxable","30":"purchasable","31":"product-type-variable","32":"has-default-attributes"},"_links":{"self":[{"href":"https:\/\/ninja.encktemp.com.br\/speedbrindes\/wp-json\/wp\/v2\/product\/236414","targetHints":{"allow":["GET"]}}],"collection":[{"href":"https:\/\/ninja.encktemp.com.br\/speedbrindes\/wp-json\/wp\/v2\/product"}],"about":[{"href":"https:\/\/ninja.encktemp.com.br\/speedbrindes\/wp-json\/wp\/v2\/types\/product"}],"replies":[{"embeddable":true,"href":"https:\/\/ninja.encktemp.com.br\/speedbrindes\/wp-json\/wp\/v2\/comments?post=236414"}],"wp:featuredmedia":[{"embeddable":true,"href":"https:\/\/ninja.encktemp.com.br\/speedbrindes\/wp-json\/wp\/v2\/media\/210999"}],"wp:attachment":[{"href":"https:\/\/ninja.encktemp.com.br\/speedbrindes\/wp-json\/wp\/v2\/media?parent=236414"}],"wp:term":[{"taxonomy":"product_brand","embeddable":true,"href":"https:\/\/ninja.encktemp.com.br\/speedbrindes\/wp-json\/wp\/v2\/product_brand?post=236414"},{"taxonomy":"product_cat","embeddable":true,"href":"https:\/\/ninja.encktemp.com.br\/speedbrindes\/wp-json\/wp\/v2\/product_cat?post=236414"},{"taxonomy":"product_tag","embeddable":true,"href":"https:\/\/ninja.encktemp.com.br\/speedbrindes\/wp-json\/wp\/v2\/product_tag?post=236414"}],"curies":[{"name":"wp","href":"https:\/\/api.w.org\/{rel}","templated":true}]}}