{"id":236366,"date":"2025-12-10T19:22:30","date_gmt":"2025-12-10T22:22:30","guid":{"rendered":"https:\/\/ninja.encktemp.com.br\/speedbrindes\/product\/angle-bpack-mochila-para-notebook-156-em-1680d-e-c-sintetico\/"},"modified":"2026-01-18T03:43:47","modified_gmt":"2026-01-18T06:43:47","slug":"angle-bpack-mochila-para-notebook-156-em-1680d-e-c-sintetico","status":"publish","type":"product","link":"https:\/\/ninja.encktemp.com.br\/speedbrindes\/product\/angle-bpack-mochila-para-notebook-156-em-1680d-e-c-sintetico\/","title":{"rendered":"ANGLE BPACK. Mochila para notebook 15&#8217;6&#8243; em 1680D e c. sint\u00e9tico"},"content":{"rendered":"<p>Mochila para notebook em 1680D e c. sint\u00e9tico. Compartimento com divis\u00f3ria almofadada para notebook at\u00e9 15&#8217;6&#8221;. Interior forrado e almofadado. Cont\u00e9m diversos bolsos interiores. A mochila tem 2 bolsos frontais e placa met\u00e1lica personaliz\u00e1vel. A parte posterior \u00e9 almofadada e tem sistema de apoio acolchoado para as costas e al\u00e7as almofadadas. Capacidade at\u00e9 17 L. 340 x 450 x 130 mm | Placa: 40 x 20 mm<\/p>\n","protected":false},"excerpt":{"rendered":"<p>Mochila para notebook em 1680D e c. sint\u00e9tico. Compartimento com divis\u00f3ria almofadada para notebook at\u00e9 15&#8217;6&#8221;. Interior forrado e almofadado. [&hellip;]<\/p>\n","protected":false},"featured_media":211337,"comment_status":"open","ping_status":"closed","template":"","meta":[],"product_brand":[2684],"product_cat":[1203,1204,252,1205,1206,1208,2784,2897,2906,3705],"product_tag":[900,936,941,942,943,944,953,954],"class_list":{"0":"post-236366","1":"product","2":"type-product","3":"status-publish","4":"has-post-thumbnail","6":"product_brand-spot-gifts","7":"product_cat-mochilas-malas-pastas","8":"product_cat-mochilas-para-pc-tablet-mochilas-malas-pastas","9":"product_cat-eletronicos","10":"product_cat-1205","11":"product_cat-1206","12":"product_cat-mochilas-mochilas-malas-pastas","13":"product_cat-p-notebooks","14":"product_cat-mochilas-e-bolsas","15":"product_cat-eletronicos-e-acessorios","16":"product_cat-informatica","17":"product_tag-certificado","18":"product_tag-mochilas","19":"product_tag-notebooks","20":"product_tag-computador","21":"product_tag-computadores","22":"product_tag-tablets","23":"product_tag-mala","24":"product_tag-malas","26":"first","27":"instock","28":"shipping-taxable","29":"purchasable","30":"product-type-variable","31":"has-default-attributes"},"_links":{"self":[{"href":"https:\/\/ninja.encktemp.com.br\/speedbrindes\/wp-json\/wp\/v2\/product\/236366","targetHints":{"allow":["GET"]}}],"collection":[{"href":"https:\/\/ninja.encktemp.com.br\/speedbrindes\/wp-json\/wp\/v2\/product"}],"about":[{"href":"https:\/\/ninja.encktemp.com.br\/speedbrindes\/wp-json\/wp\/v2\/types\/product"}],"replies":[{"embeddable":true,"href":"https:\/\/ninja.encktemp.com.br\/speedbrindes\/wp-json\/wp\/v2\/comments?post=236366"}],"wp:featuredmedia":[{"embeddable":true,"href":"https:\/\/ninja.encktemp.com.br\/speedbrindes\/wp-json\/wp\/v2\/media\/211337"}],"wp:attachment":[{"href":"https:\/\/ninja.encktemp.com.br\/speedbrindes\/wp-json\/wp\/v2\/media?parent=236366"}],"wp:term":[{"taxonomy":"product_brand","embeddable":true,"href":"https:\/\/ninja.encktemp.com.br\/speedbrindes\/wp-json\/wp\/v2\/product_brand?post=236366"},{"taxonomy":"product_cat","embeddable":true,"href":"https:\/\/ninja.encktemp.com.br\/speedbrindes\/wp-json\/wp\/v2\/product_cat?post=236366"},{"taxonomy":"product_tag","embeddable":true,"href":"https:\/\/ninja.encktemp.com.br\/speedbrindes\/wp-json\/wp\/v2\/product_tag?post=236366"}],"curies":[{"name":"wp","href":"https:\/\/api.w.org\/{rel}","templated":true}]}}