{"id":236116,"date":"2025-12-10T19:18:46","date_gmt":"2025-12-10T22:18:46","guid":{"rendered":"https:\/\/ninja.encktemp.com.br\/speedbrindes\/product\/alcott-a6-ii-caderno-de-capa-flexivel-em-cartao-250-g-m%c2%b2-com-80-paginas-lisas\/"},"modified":"2026-01-18T03:44:10","modified_gmt":"2026-01-18T06:44:10","slug":"alcott-a6-ii-caderno-de-capa-flexivel-em-cartao-250-g-m%c2%b2-com-80-paginas-lisas","status":"publish","type":"product","link":"https:\/\/ninja.encktemp.com.br\/speedbrindes\/product\/alcott-a6-ii-caderno-de-capa-flexivel-em-cartao-250-g-m%c2%b2-com-80-paginas-lisas\/","title":{"rendered":"ALCOTT A6 II. Caderno de capa flex\u00edvel em cart\u00e3o (250 g\/m\u00b2) com 80 p\u00e1ginas lisas"},"content":{"rendered":"<p>Caderno A6 de capa flex\u00edvel em cart\u00e3o (250 g\/m\u00b2) e cantos redondos. Cont\u00e9m 80 p\u00e1ginas lisas, costuradas, proveniente de gest\u00e3o florestal sustent\u00e1vel. 100 x 145 mm<\/p>\n","protected":false},"excerpt":{"rendered":"<p>Caderno A6 de capa flex\u00edvel em cart\u00e3o (250 g\/m\u00b2) e cantos redondos. Cont\u00e9m 80 p\u00e1ginas lisas, costuradas, proveniente de gest\u00e3o [&hellip;]<\/p>\n","protected":false},"featured_media":203837,"comment_status":"open","ping_status":"closed","template":"","meta":[],"product_brand":[2684],"product_cat":[1239,2738,1187,2896],"product_tag":[1227,1228,941,1157,1249,1158,1159,1193,1194,1195,1226],"class_list":{"0":"post-236116","1":"product","2":"type-product","3":"status-publish","4":"has-post-thumbnail","6":"product_brand-spot-gifts","7":"product_cat-1239","8":"product_cat-cadernos","9":"product_cat-1187","10":"product_cat-cadernos-e-blocos","11":"product_tag-blocos","12":"product_tag-ecologic","13":"product_tag-notebooks","14":"product_tag-eco","15":"product_tag-1249","16":"product_tag-ecologico","17":"product_tag-ecologicos","18":"product_tag-produtos-eco","19":"product_tag-sustentavel","20":"product_tag-sustentaveis","21":"product_tag-cadernos","23":"first","24":"instock","25":"shipping-taxable","26":"purchasable","27":"product-type-variable","28":"has-default-attributes"},"_links":{"self":[{"href":"https:\/\/ninja.encktemp.com.br\/speedbrindes\/wp-json\/wp\/v2\/product\/236116","targetHints":{"allow":["GET"]}}],"collection":[{"href":"https:\/\/ninja.encktemp.com.br\/speedbrindes\/wp-json\/wp\/v2\/product"}],"about":[{"href":"https:\/\/ninja.encktemp.com.br\/speedbrindes\/wp-json\/wp\/v2\/types\/product"}],"replies":[{"embeddable":true,"href":"https:\/\/ninja.encktemp.com.br\/speedbrindes\/wp-json\/wp\/v2\/comments?post=236116"}],"wp:featuredmedia":[{"embeddable":true,"href":"https:\/\/ninja.encktemp.com.br\/speedbrindes\/wp-json\/wp\/v2\/media\/203837"}],"wp:attachment":[{"href":"https:\/\/ninja.encktemp.com.br\/speedbrindes\/wp-json\/wp\/v2\/media?parent=236116"}],"wp:term":[{"taxonomy":"product_brand","embeddable":true,"href":"https:\/\/ninja.encktemp.com.br\/speedbrindes\/wp-json\/wp\/v2\/product_brand?post=236116"},{"taxonomy":"product_cat","embeddable":true,"href":"https:\/\/ninja.encktemp.com.br\/speedbrindes\/wp-json\/wp\/v2\/product_cat?post=236116"},{"taxonomy":"product_tag","embeddable":true,"href":"https:\/\/ninja.encktemp.com.br\/speedbrindes\/wp-json\/wp\/v2\/product_tag?post=236116"}],"curies":[{"name":"wp","href":"https:\/\/api.w.org\/{rel}","templated":true}]}}