{"id":236026,"date":"2025-12-10T19:16:46","date_gmt":"2025-12-10T22:16:46","guid":{"rendered":"https:\/\/ninja.encktemp.com.br\/speedbrindes\/product\/11140-mosquetao-em-aluminio\/"},"modified":"2026-04-18T23:04:51","modified_gmt":"2026-04-19T02:04:51","slug":"11140-mosquetao-em-aluminio","status":"publish","type":"product","link":"https:\/\/ninja.encktemp.com.br\/speedbrindes\/product\/11140-mosquetao-em-aluminio\/","title":{"rendered":"11140. Mosquet\u00e3o em alum\u00ednio"},"content":{"rendered":"","protected":false},"excerpt":{"rendered":"<p>Mosquet\u00e3o em alum\u00ednio com \u00e1rea plana para grava\u00e7\u00e3o. 24 x 48 x 4 mm<\/p>\n","protected":false},"featured_media":204954,"comment_status":"open","ping_status":"closed","template":"","meta":[],"product_brand":[2684],"product_cat":[1769,2564,3072,3701],"product_tag":[1025],"class_list":{"0":"post-236026","1":"product","2":"type-product","3":"status-publish","4":"has-post-thumbnail","6":"product_brand-spot-gifts","7":"product_cat-1769","8":"product_cat-2564","9":"product_cat-chaveiros-mosquetao","10":"product_cat-mosquetao","11":"product_tag-mosquetoes","13":"first","14":"instock","15":"shipping-taxable","16":"purchasable","17":"product-type-variable","18":"has-default-attributes"},"_links":{"self":[{"href":"https:\/\/ninja.encktemp.com.br\/speedbrindes\/wp-json\/wp\/v2\/product\/236026","targetHints":{"allow":["GET"]}}],"collection":[{"href":"https:\/\/ninja.encktemp.com.br\/speedbrindes\/wp-json\/wp\/v2\/product"}],"about":[{"href":"https:\/\/ninja.encktemp.com.br\/speedbrindes\/wp-json\/wp\/v2\/types\/product"}],"replies":[{"embeddable":true,"href":"https:\/\/ninja.encktemp.com.br\/speedbrindes\/wp-json\/wp\/v2\/comments?post=236026"}],"wp:featuredmedia":[{"embeddable":true,"href":"https:\/\/ninja.encktemp.com.br\/speedbrindes\/wp-json\/wp\/v2\/media\/204954"}],"wp:attachment":[{"href":"https:\/\/ninja.encktemp.com.br\/speedbrindes\/wp-json\/wp\/v2\/media?parent=236026"}],"wp:term":[{"taxonomy":"product_brand","embeddable":true,"href":"https:\/\/ninja.encktemp.com.br\/speedbrindes\/wp-json\/wp\/v2\/product_brand?post=236026"},{"taxonomy":"product_cat","embeddable":true,"href":"https:\/\/ninja.encktemp.com.br\/speedbrindes\/wp-json\/wp\/v2\/product_cat?post=236026"},{"taxonomy":"product_tag","embeddable":true,"href":"https:\/\/ninja.encktemp.com.br\/speedbrindes\/wp-json\/wp\/v2\/product_tag?post=236026"}],"curies":[{"name":"wp","href":"https:\/\/api.w.org\/{rel}","templated":true}]}}