{"id":234646,"date":"2025-12-05T19:24:52","date_gmt":"2025-12-05T22:24:52","guid":{"rendered":"https:\/\/ninja.encktemp.com.br\/speedbrindes\/product\/produto-605\/"},"modified":"2026-04-18T23:04:46","modified_gmt":"2026-04-19T02:04:46","slug":"produto-605","status":"publish","type":"product","link":"https:\/\/ninja.encktemp.com.br\/speedbrindes\/product\/produto-605\/","title":{"rendered":"MATIRA. Toalha para esporte em microfibra (210 g\/m\u00b2)"},"content":{"rendered":"","protected":false},"excerpt":{"rendered":"<p>Toalha para esporte em microfibra (210 g\/m\u00b2). Toalha pr\u00e1tica e leve que facilita o transporte, de elevada absor\u00e7\u00e3o e r\u00e1pida secagem. Fornecida com bolsa em 190T. 300 x 300 mm <br \/> Bolsa: 110 x 140 mm<\/p>\n<p><strong>Peso:<\/strong> 1 kg<\/p>\n","protected":false},"featured_media":205119,"comment_status":"open","ping_status":"closed","template":"","meta":[],"product_brand":[2684],"product_cat":[1080,3702,1769,2630,2950],"product_tag":[900,2627,2628,2629],"class_list":{"0":"post-234646","1":"product","2":"type-product","3":"status-publish","4":"has-post-thumbnail","6":"product_brand-spot-gifts","7":"product_cat-diversos","8":"product_cat-esporte-e-fitness","9":"product_cat-1769","10":"product_cat-2630","11":"product_cat-dia-mulheres","12":"product_tag-certificado","13":"product_tag-toalhas","14":"product_tag-toalhas-esporte","15":"product_tag-toalhas-esportivas","17":"first","18":"instock","19":"shipping-taxable","20":"purchasable","21":"product-type-variable","22":"has-default-attributes"},"_links":{"self":[{"href":"https:\/\/ninja.encktemp.com.br\/speedbrindes\/wp-json\/wp\/v2\/product\/234646","targetHints":{"allow":["GET"]}}],"collection":[{"href":"https:\/\/ninja.encktemp.com.br\/speedbrindes\/wp-json\/wp\/v2\/product"}],"about":[{"href":"https:\/\/ninja.encktemp.com.br\/speedbrindes\/wp-json\/wp\/v2\/types\/product"}],"replies":[{"embeddable":true,"href":"https:\/\/ninja.encktemp.com.br\/speedbrindes\/wp-json\/wp\/v2\/comments?post=234646"}],"wp:featuredmedia":[{"embeddable":true,"href":"https:\/\/ninja.encktemp.com.br\/speedbrindes\/wp-json\/wp\/v2\/media\/205119"}],"wp:attachment":[{"href":"https:\/\/ninja.encktemp.com.br\/speedbrindes\/wp-json\/wp\/v2\/media?parent=234646"}],"wp:term":[{"taxonomy":"product_brand","embeddable":true,"href":"https:\/\/ninja.encktemp.com.br\/speedbrindes\/wp-json\/wp\/v2\/product_brand?post=234646"},{"taxonomy":"product_cat","embeddable":true,"href":"https:\/\/ninja.encktemp.com.br\/speedbrindes\/wp-json\/wp\/v2\/product_cat?post=234646"},{"taxonomy":"product_tag","embeddable":true,"href":"https:\/\/ninja.encktemp.com.br\/speedbrindes\/wp-json\/wp\/v2\/product_tag?post=234646"}],"curies":[{"name":"wp","href":"https:\/\/api.w.org\/{rel}","templated":true}]}}