{"id":234132,"date":"2025-12-05T19:20:22","date_gmt":"2025-12-05T22:20:22","guid":{"rendered":"https:\/\/ninja.encktemp.com.br\/speedbrindes\/product\/produto-510\/"},"modified":"2026-04-08T04:29:09","modified_gmt":"2026-04-08T07:29:09","slug":"produto-510","status":"publish","type":"product","link":"https:\/\/ninja.encktemp.com.br\/speedbrindes\/product\/produto-510\/","title":{"rendered":"SHERYL. Bateria port\u00e1til em ABS 100% reciclado e capacidade de 4&#8217;000 mAh"},"content":{"rendered":"","protected":false},"excerpt":{"rendered":"<p>Bateria port\u00e1til em ABS 100% reciclado. Leve e com dimens\u00f5es extremamente reduzidas \u00e9 a solu\u00e7\u00e3o perfeita para levar com voc\u00ea a qualquer lugar e garantir a bateria necess\u00e1ria em situa\u00e7\u00f5es de emerg\u00eancia.Com capacidade de 4&#8217;000 mAh, indicador de n\u00edvel de carga, uma porta de entrada USB-C e uma porta de sa\u00edda USB-A. Incluso um cabo de carregamento USB-C. Fornecida em caixa presente de papel kraft reciclado. 87 x 48 x 17 mm | Caixa: 75 x 90 x 18 mm<\/p>\n<p><strong>Peso:<\/strong> 87 kg<\/p>\n","protected":false},"featured_media":206322,"comment_status":"open","ping_status":"closed","template":"","meta":[],"product_brand":[2684],"product_cat":[916,917],"product_tag":[1514,2384,905,2428,909,2432,2433,2434,1157,1160,1161,1451,1513],"class_list":{"0":"post-234132","1":"product","2":"type-product","3":"status-publish","4":"has-post-thumbnail","6":"product_brand-spot-gifts","7":"product_cat-916","8":"product_cat-917","9":"product_tag-rabs","10":"product_tag-bateria-portatil","11":"product_tag-carregador-portatil","12":"product_tag-material-reciclado","13":"product_tag-powerbanks","14":"product_tag-alta-capacidade","15":"product_tag-bateria-movel","16":"product_tag-carga","17":"product_tag-eco","18":"product_tag-amigo-do-ambiente","19":"product_tag-our-nature","20":"product_tag-reciclado","21":"product_tag-abs-reciclado","23":"first","24":"instock","25":"shipping-taxable","26":"purchasable","27":"product-type-variable","28":"has-default-attributes"},"_links":{"self":[{"href":"https:\/\/ninja.encktemp.com.br\/speedbrindes\/wp-json\/wp\/v2\/product\/234132","targetHints":{"allow":["GET"]}}],"collection":[{"href":"https:\/\/ninja.encktemp.com.br\/speedbrindes\/wp-json\/wp\/v2\/product"}],"about":[{"href":"https:\/\/ninja.encktemp.com.br\/speedbrindes\/wp-json\/wp\/v2\/types\/product"}],"replies":[{"embeddable":true,"href":"https:\/\/ninja.encktemp.com.br\/speedbrindes\/wp-json\/wp\/v2\/comments?post=234132"}],"wp:featuredmedia":[{"embeddable":true,"href":"https:\/\/ninja.encktemp.com.br\/speedbrindes\/wp-json\/wp\/v2\/media\/206322"}],"wp:attachment":[{"href":"https:\/\/ninja.encktemp.com.br\/speedbrindes\/wp-json\/wp\/v2\/media?parent=234132"}],"wp:term":[{"taxonomy":"product_brand","embeddable":true,"href":"https:\/\/ninja.encktemp.com.br\/speedbrindes\/wp-json\/wp\/v2\/product_brand?post=234132"},{"taxonomy":"product_cat","embeddable":true,"href":"https:\/\/ninja.encktemp.com.br\/speedbrindes\/wp-json\/wp\/v2\/product_cat?post=234132"},{"taxonomy":"product_tag","embeddable":true,"href":"https:\/\/ninja.encktemp.com.br\/speedbrindes\/wp-json\/wp\/v2\/product_tag?post=234132"}],"curies":[{"name":"wp","href":"https:\/\/api.w.org\/{rel}","templated":true}]}}