{"id":234115,"date":"2025-12-05T19:20:08","date_gmt":"2025-12-05T22:20:08","guid":{"rendered":"https:\/\/ninja.encktemp.com.br\/speedbrindes\/product\/produto-506\/"},"modified":"2026-01-18T03:44:38","modified_gmt":"2026-01-18T06:44:38","slug":"produto-506","status":"publish","type":"product","link":"https:\/\/ninja.encktemp.com.br\/speedbrindes\/product\/produto-506\/","title":{"rendered":"CAUBY. Fones de ouvido wireless em ABS 100% reciclado, com ANC e autonomia de 7h"},"content":{"rendered":"<p>Fones de ouvido wireless em ABS 100% reciclado, com ANC &#8211; cancelamento de ru\u00eddo ativo &#8211; permite que se concentre nas principais tarefas do seu dia ou que relaxe a ouvir as suas m\u00fasicas favoritas sem ru\u00eddos externos. Com transmiss\u00e3o BT 5&#8217;4 e autonomia, aproximada, de 7h, os fones de ouvido permitem atender chamadas, controlar o volume e conectar \u00e0 playlist do dispositivo m\u00f3vel. A caixa de carregamento com um ecr\u00e3 digital mostra o n\u00edvel de carga e tem uma capacidade de 500 mAh que permite mais de 4 cargas dos fones. Fornecido em caixa presente de papel kraft reciclado. 60 x 47 x 25 mm | Caixa: 62 x 32 x 74 mm<\/p>\n","protected":false},"excerpt":{"rendered":"<p>Fones de ouvido wireless em ABS 100% reciclado, com ANC &#8211; cancelamento de ru\u00eddo ativo &#8211; permite que se concentre [&hellip;]<\/p>\n","protected":false},"featured_media":206371,"comment_status":"open","ping_status":"closed","template":"","meta":[],"product_brand":[2684],"product_cat":[1359,252,1753,2905,916,2906,990,2945,2980],"product_tag":[1161,2408,1327,2410,158,2411,1514,913,1925,2299,1157,2307,1158,2346,1159,2374,1160,2378],"class_list":{"0":"post-234115","1":"product","2":"type-product","3":"status-publish","4":"has-post-thumbnail","6":"product_brand-spot-gifts","7":"product_cat-1359","8":"product_cat-eletronicos","9":"product_cat-utilitarios-de-viagem","10":"product_cat-bolsas-e-acessorios-de-viagem","11":"product_cat-916","12":"product_cat-eletronicos-e-acessorios","13":"product_cat-pessoal-viagem","14":"product_cat-dia-pais","15":"product_cat-fones-de-ouvido","16":"product_tag-our-nature","17":"product_tag-fones-de-ouvidos","18":"product_tag-musica","19":"product_tag-ouvir-musica","20":"product_tag-blue","21":"product_tag-diversao","22":"product_tag-rabs","23":"product_tag-bluetooth","24":"product_tag-festa","25":"product_tag-airpods","26":"product_tag-eco","27":"product_tag-coluna","28":"product_tag-ecologico","29":"product_tag-ascultadores","30":"product_tag-ecologicos","31":"product_tag-wireless","32":"product_tag-amigo-do-ambiente","33":"product_tag-bt","35":"first","36":"instock","37":"shipping-taxable","38":"purchasable","39":"product-type-variable","40":"has-default-attributes"},"_links":{"self":[{"href":"https:\/\/ninja.encktemp.com.br\/speedbrindes\/wp-json\/wp\/v2\/product\/234115","targetHints":{"allow":["GET"]}}],"collection":[{"href":"https:\/\/ninja.encktemp.com.br\/speedbrindes\/wp-json\/wp\/v2\/product"}],"about":[{"href":"https:\/\/ninja.encktemp.com.br\/speedbrindes\/wp-json\/wp\/v2\/types\/product"}],"replies":[{"embeddable":true,"href":"https:\/\/ninja.encktemp.com.br\/speedbrindes\/wp-json\/wp\/v2\/comments?post=234115"}],"wp:featuredmedia":[{"embeddable":true,"href":"https:\/\/ninja.encktemp.com.br\/speedbrindes\/wp-json\/wp\/v2\/media\/206371"}],"wp:attachment":[{"href":"https:\/\/ninja.encktemp.com.br\/speedbrindes\/wp-json\/wp\/v2\/media?parent=234115"}],"wp:term":[{"taxonomy":"product_brand","embeddable":true,"href":"https:\/\/ninja.encktemp.com.br\/speedbrindes\/wp-json\/wp\/v2\/product_brand?post=234115"},{"taxonomy":"product_cat","embeddable":true,"href":"https:\/\/ninja.encktemp.com.br\/speedbrindes\/wp-json\/wp\/v2\/product_cat?post=234115"},{"taxonomy":"product_tag","embeddable":true,"href":"https:\/\/ninja.encktemp.com.br\/speedbrindes\/wp-json\/wp\/v2\/product_tag?post=234115"}],"curies":[{"name":"wp","href":"https:\/\/api.w.org\/{rel}","templated":true}]}}