{"id":234109,"date":"2025-12-05T19:20:01","date_gmt":"2025-12-05T22:20:01","guid":{"rendered":"https:\/\/ninja.encktemp.com.br\/speedbrindes\/product\/produto-505\/"},"modified":"2026-01-18T03:44:38","modified_gmt":"2026-01-18T06:44:38","slug":"produto-505","status":"publish","type":"product","link":"https:\/\/ninja.encktemp.com.br\/speedbrindes\/product\/produto-505\/","title":{"rendered":"RE-PEREY. Caixa de som port\u00e1til em ABS 100% reciclado com microfone e autonomia de 4h30"},"content":{"rendered":"<p>Caixa de som port\u00e1til com microfone, em ABS 100% reciclado. Possui transmiss\u00e3o sem fios BT 5&#8217;3, pot\u00eancia de 3W, bateria com 400 mAh e autonomia, aproximada, de 4h30. Permite as fun\u00e7\u00f5es de atender chamadas, leitor de cart\u00f5es microSD, entrada AUX e reprodu\u00e7\u00e3o autom\u00e1tica via porta USB-A. Incluso cabo de carregamento USB-C. Fornecido em caixa presente de papel kraft reciclado que pode ser reutilizada como suporte de celular. A grelha \u00e9 fornecida solta para pedidos n\u00e3o personalizados. \u00f860 x 58 mm | Caixa: 65 x 63 x 75 mm<\/p>\n","protected":false},"excerpt":{"rendered":"<p>Caixa de som port\u00e1til com microfone, em ABS 100% reciclado. Possui transmiss\u00e3o sem fios BT 5&#8217;3, pot\u00eancia de 3W, bateria [&hellip;]<\/p>\n","protected":false},"featured_media":206496,"comment_status":"open","ping_status":"closed","template":"","meta":[],"product_brand":[2684],"product_cat":[2906,2909,252,1325,2979,2980,916,2981,1753,990,2905],"product_tag":[1161,1228,913,1330,1340,920,1451,921,1513,922,2409,1157,1160],"class_list":{"0":"post-234109","1":"product","2":"type-product","3":"status-publish","4":"has-post-thumbnail","6":"product_brand-spot-gifts","7":"product_cat-eletronicos-e-acessorios","8":"product_cat-esportes-e-lazer","9":"product_cat-eletronicos","10":"product_cat-1325","11":"product_cat-caixa-de-som","12":"product_cat-fones-de-ouvido","13":"product_cat-916","14":"product_cat-para-celular","15":"product_cat-utilitarios-de-viagem","16":"product_cat-pessoal-viagem","17":"product_cat-bolsas-e-acessorios-de-viagem","18":"product_tag-our-nature","19":"product_tag-ecologic","20":"product_tag-bluetooth","21":"product_tag-coluna-de-som","22":"product_tag-colunas-de-som","23":"product_tag-caixas-de-som","24":"product_tag-reciclado","25":"product_tag-caixa-de-som-portatil","26":"product_tag-abs-reciclado","27":"product_tag-caixas-de-som-portateis","28":"product_tag-2409","29":"product_tag-eco","30":"product_tag-amigo-do-ambiente","32":"first","33":"instock","34":"shipping-taxable","35":"purchasable","36":"product-type-variable","37":"has-default-attributes"},"_links":{"self":[{"href":"https:\/\/ninja.encktemp.com.br\/speedbrindes\/wp-json\/wp\/v2\/product\/234109","targetHints":{"allow":["GET"]}}],"collection":[{"href":"https:\/\/ninja.encktemp.com.br\/speedbrindes\/wp-json\/wp\/v2\/product"}],"about":[{"href":"https:\/\/ninja.encktemp.com.br\/speedbrindes\/wp-json\/wp\/v2\/types\/product"}],"replies":[{"embeddable":true,"href":"https:\/\/ninja.encktemp.com.br\/speedbrindes\/wp-json\/wp\/v2\/comments?post=234109"}],"wp:featuredmedia":[{"embeddable":true,"href":"https:\/\/ninja.encktemp.com.br\/speedbrindes\/wp-json\/wp\/v2\/media\/206496"}],"wp:attachment":[{"href":"https:\/\/ninja.encktemp.com.br\/speedbrindes\/wp-json\/wp\/v2\/media?parent=234109"}],"wp:term":[{"taxonomy":"product_brand","embeddable":true,"href":"https:\/\/ninja.encktemp.com.br\/speedbrindes\/wp-json\/wp\/v2\/product_brand?post=234109"},{"taxonomy":"product_cat","embeddable":true,"href":"https:\/\/ninja.encktemp.com.br\/speedbrindes\/wp-json\/wp\/v2\/product_cat?post=234109"},{"taxonomy":"product_tag","embeddable":true,"href":"https:\/\/ninja.encktemp.com.br\/speedbrindes\/wp-json\/wp\/v2\/product_tag?post=234109"}],"curies":[{"name":"wp","href":"https:\/\/api.w.org\/{rel}","templated":true}]}}