{"id":233916,"date":"2025-12-05T19:18:14","date_gmt":"2025-12-05T22:18:14","guid":{"rendered":"https:\/\/ninja.encktemp.com.br\/speedbrindes\/product\/produto-471\/"},"modified":"2026-01-18T03:44:49","modified_gmt":"2026-01-18T06:44:49","slug":"produto-471","status":"publish","type":"product","link":"https:\/\/ninja.encktemp.com.br\/speedbrindes\/product\/produto-471\/","title":{"rendered":"AMORTI. Garrafa para sublima\u00e7\u00e3o em a\u00e7o inox de parede dupla t\u00e9rmica, isolada a v\u00e1cuo, com tampa em a\u00e7o inox 510 mL"},"content":{"rendered":"<p>Garrafa para sublima\u00e7\u00e3o em a\u00e7o inox de parede dupla t\u00e9rmica, isolada a v\u00e1cuo, com tampa em a\u00e7o inox. Capacidade at\u00e9 510 mL. Preserva as bebidas quentes por 8h e frias por 24h. Fornecido em caixa presente. Certifica\u00e7\u00e3o EU Food Grade. \u00f867 x 255 mm<\/p>\n","protected":false},"excerpt":{"rendered":"<p>Garrafa para sublima\u00e7\u00e3o em a\u00e7o inox de parede dupla t\u00e9rmica, isolada a v\u00e1cuo, com tampa em a\u00e7o inox. Capacidade at\u00e9 [&hellip;]<\/p>\n","protected":false},"featured_media":207062,"comment_status":"open","ping_status":"closed","template":"","meta":[],"product_brand":[2684],"product_cat":[997,998,982,2894],"product_tag":[986,987,900,988,902,969,970,1076,971,983,984,985],"class_list":{"0":"post-233916","1":"product","2":"type-product","3":"status-publish","4":"has-post-thumbnail","6":"product_brand-spot-gifts","7":"product_cat-997","8":"product_cat-998","9":"product_cat-garrafas","10":"product_cat-garrafas-e-squeezes","11":"product_tag-garrafas-termicas","12":"product_tag-esporte","13":"product_tag-certificado","14":"product_tag-esportes","15":"product_tag-certificados","16":"product_tag-garrafas","17":"product_tag-bebida","18":"product_tag-sublimacao","19":"product_tag-bebidas","20":"product_tag-squeezes","21":"product_tag-garrafa","22":"product_tag-garrafa-termica","24":"first","25":"instock","26":"shipping-taxable","27":"purchasable","28":"product-type-variable","29":"has-default-attributes"},"_links":{"self":[{"href":"https:\/\/ninja.encktemp.com.br\/speedbrindes\/wp-json\/wp\/v2\/product\/233916","targetHints":{"allow":["GET"]}}],"collection":[{"href":"https:\/\/ninja.encktemp.com.br\/speedbrindes\/wp-json\/wp\/v2\/product"}],"about":[{"href":"https:\/\/ninja.encktemp.com.br\/speedbrindes\/wp-json\/wp\/v2\/types\/product"}],"replies":[{"embeddable":true,"href":"https:\/\/ninja.encktemp.com.br\/speedbrindes\/wp-json\/wp\/v2\/comments?post=233916"}],"wp:featuredmedia":[{"embeddable":true,"href":"https:\/\/ninja.encktemp.com.br\/speedbrindes\/wp-json\/wp\/v2\/media\/207062"}],"wp:attachment":[{"href":"https:\/\/ninja.encktemp.com.br\/speedbrindes\/wp-json\/wp\/v2\/media?parent=233916"}],"wp:term":[{"taxonomy":"product_brand","embeddable":true,"href":"https:\/\/ninja.encktemp.com.br\/speedbrindes\/wp-json\/wp\/v2\/product_brand?post=233916"},{"taxonomy":"product_cat","embeddable":true,"href":"https:\/\/ninja.encktemp.com.br\/speedbrindes\/wp-json\/wp\/v2\/product_cat?post=233916"},{"taxonomy":"product_tag","embeddable":true,"href":"https:\/\/ninja.encktemp.com.br\/speedbrindes\/wp-json\/wp\/v2\/product_tag?post=233916"}],"curies":[{"name":"wp","href":"https:\/\/api.w.org\/{rel}","templated":true}]}}