{"id":233860,"date":"2025-12-05T19:17:49","date_gmt":"2025-12-05T22:17:49","guid":{"rendered":"https:\/\/ninja.encktemp.com.br\/speedbrindes\/product\/produto-461\/"},"modified":"2026-01-18T03:44:50","modified_gmt":"2026-01-18T06:44:50","slug":"produto-461","status":"publish","type":"product","link":"https:\/\/ninja.encktemp.com.br\/speedbrindes\/product\/produto-461\/","title":{"rendered":"SHOW SATIN. Garrafa em a\u00e7o inox de parede dupla t\u00e9rmica, isolada a v\u00e1cuo, com tampa em a\u00e7o inox 500 mL"},"content":{"rendered":"<p>Garrafa em a\u00e7o inox de parede dupla t\u00e9rmica, isolada a v\u00e1cuo, com tampa em a\u00e7o inox. Capacidade at\u00e9 500 mL. Preserva as bebidas quentes por 8h e frias por 24h. Fornecido em caixa presente. Certifica\u00e7\u00e3o EU Food Grade. \u00f871 x 255 mm<\/p>\n","protected":false},"excerpt":{"rendered":"<p>Garrafa em a\u00e7o inox de parede dupla t\u00e9rmica, isolada a v\u00e1cuo, com tampa em a\u00e7o inox. Capacidade at\u00e9 500 mL. [&hellip;]<\/p>\n","protected":false},"featured_media":207220,"comment_status":"open","ping_status":"closed","template":"","meta":[],"product_brand":[2684],"product_cat":[997,998,2894,982],"product_tag":[986,900,902,969,970,971,983,984,985],"class_list":{"0":"post-233860","1":"product","2":"type-product","3":"status-publish","4":"has-post-thumbnail","6":"product_brand-spot-gifts","7":"product_cat-997","8":"product_cat-998","9":"product_cat-garrafas-e-squeezes","10":"product_cat-garrafas","11":"product_tag-garrafas-termicas","12":"product_tag-certificado","13":"product_tag-certificados","14":"product_tag-garrafas","15":"product_tag-bebida","16":"product_tag-bebidas","17":"product_tag-squeezes","18":"product_tag-garrafa","19":"product_tag-garrafa-termica","21":"first","22":"instock","23":"shipping-taxable","24":"purchasable","25":"product-type-variable","26":"has-default-attributes"},"_links":{"self":[{"href":"https:\/\/ninja.encktemp.com.br\/speedbrindes\/wp-json\/wp\/v2\/product\/233860","targetHints":{"allow":["GET"]}}],"collection":[{"href":"https:\/\/ninja.encktemp.com.br\/speedbrindes\/wp-json\/wp\/v2\/product"}],"about":[{"href":"https:\/\/ninja.encktemp.com.br\/speedbrindes\/wp-json\/wp\/v2\/types\/product"}],"replies":[{"embeddable":true,"href":"https:\/\/ninja.encktemp.com.br\/speedbrindes\/wp-json\/wp\/v2\/comments?post=233860"}],"wp:featuredmedia":[{"embeddable":true,"href":"https:\/\/ninja.encktemp.com.br\/speedbrindes\/wp-json\/wp\/v2\/media\/207220"}],"wp:attachment":[{"href":"https:\/\/ninja.encktemp.com.br\/speedbrindes\/wp-json\/wp\/v2\/media?parent=233860"}],"wp:term":[{"taxonomy":"product_brand","embeddable":true,"href":"https:\/\/ninja.encktemp.com.br\/speedbrindes\/wp-json\/wp\/v2\/product_brand?post=233860"},{"taxonomy":"product_cat","embeddable":true,"href":"https:\/\/ninja.encktemp.com.br\/speedbrindes\/wp-json\/wp\/v2\/product_cat?post=233860"},{"taxonomy":"product_tag","embeddable":true,"href":"https:\/\/ninja.encktemp.com.br\/speedbrindes\/wp-json\/wp\/v2\/product_tag?post=233860"}],"curies":[{"name":"wp","href":"https:\/\/api.w.org\/{rel}","templated":true}]}}