{"id":233349,"date":"2025-12-05T19:13:38","date_gmt":"2025-12-05T22:13:38","guid":{"rendered":"https:\/\/ninja.encktemp.com.br\/speedbrindes\/product\/produto-379\/"},"modified":"2026-01-18T03:45:15","modified_gmt":"2026-01-18T06:45:15","slug":"produto-379","status":"publish","type":"product","link":"https:\/\/ninja.encktemp.com.br\/speedbrindes\/product\/produto-379\/","title":{"rendered":"COLLINA. Squeeze em alum\u00ednio 540 mL"},"content":{"rendered":"<p>Squeeze em alum\u00ednio com acabamento mate e mosquet\u00e3o para facilitar o transporte. Capacidade at\u00e9 540 mL. Caixa branca 94650 vendida opcionalmente. Certifica\u00e7\u00e3o EU Food Grade. \u00f866 x 216 mm<\/p>\n","protected":false},"excerpt":{"rendered":"<p>Squeeze em alum\u00ednio com acabamento mate e mosquet\u00e3o para facilitar o transporte. Capacidade at\u00e9 540 mL. Caixa branca 94650 vendida [&hellip;]<\/p>\n","protected":false},"featured_media":208331,"comment_status":"open","ping_status":"closed","template":"","meta":[],"product_brand":[2684],"product_cat":[997,439,998,3701,2894,2988,3072,981],"product_tag":[986,900,902,969,970,971,983,985],"class_list":{"0":"post-233349","1":"product","2":"type-product","3":"status-publish","4":"has-post-thumbnail","6":"product_brand-spot-gifts","7":"product_cat-997","8":"product_cat-copos-canecas-squeezes-e-garrafas","9":"product_cat-998","10":"product_cat-mosquetao","11":"product_cat-garrafas-e-squeezes","12":"product_cat-squeezes","13":"product_cat-chaveiros-mosquetao","14":"product_cat-squeezes-copos","15":"product_tag-garrafas-termicas","16":"product_tag-certificado","17":"product_tag-certificados","18":"product_tag-garrafas","19":"product_tag-bebida","20":"product_tag-bebidas","21":"product_tag-squeezes","22":"product_tag-garrafa-termica","24":"first","25":"instock","26":"shipping-taxable","27":"purchasable","28":"product-type-variable","29":"has-default-attributes"},"_links":{"self":[{"href":"https:\/\/ninja.encktemp.com.br\/speedbrindes\/wp-json\/wp\/v2\/product\/233349","targetHints":{"allow":["GET"]}}],"collection":[{"href":"https:\/\/ninja.encktemp.com.br\/speedbrindes\/wp-json\/wp\/v2\/product"}],"about":[{"href":"https:\/\/ninja.encktemp.com.br\/speedbrindes\/wp-json\/wp\/v2\/types\/product"}],"replies":[{"embeddable":true,"href":"https:\/\/ninja.encktemp.com.br\/speedbrindes\/wp-json\/wp\/v2\/comments?post=233349"}],"wp:featuredmedia":[{"embeddable":true,"href":"https:\/\/ninja.encktemp.com.br\/speedbrindes\/wp-json\/wp\/v2\/media\/208331"}],"wp:attachment":[{"href":"https:\/\/ninja.encktemp.com.br\/speedbrindes\/wp-json\/wp\/v2\/media?parent=233349"}],"wp:term":[{"taxonomy":"product_brand","embeddable":true,"href":"https:\/\/ninja.encktemp.com.br\/speedbrindes\/wp-json\/wp\/v2\/product_brand?post=233349"},{"taxonomy":"product_cat","embeddable":true,"href":"https:\/\/ninja.encktemp.com.br\/speedbrindes\/wp-json\/wp\/v2\/product_cat?post=233349"},{"taxonomy":"product_tag","embeddable":true,"href":"https:\/\/ninja.encktemp.com.br\/speedbrindes\/wp-json\/wp\/v2\/product_tag?post=233349"}],"curies":[{"name":"wp","href":"https:\/\/api.w.org\/{rel}","templated":true}]}}